{"id":26979,"date":"2018-09-04T23:55:58","date_gmt":"2018-09-04T21:55:58","guid":{"rendered":"https:\/\/serviclean.be\/produit\/velkro-schaumstoff-gegen-staub-60-cm\/"},"modified":"2018-09-04T23:55:58","modified_gmt":"2018-09-04T21:55:58","slug":"velkro-schaumstoff-gegen-staub-60-cm","status":"publish","type":"product","link":"https:\/\/serviclean.be\/de\/produit\/velkro-schaumstoff-gegen-staub-60-cm\/","title":{"rendered":"Velkro-Schaumstoff &#8211; Gegen Staub &#8211; 60 cm"},"content":{"rendered":"<p>Gelenkmuffe und Befestigungssystem f\u00fcr T\u00fccher. 1-teiliger Stiel oder Teleskopstiel <\/p>\n","protected":false},"excerpt":{"rendered":"<p>60 cm Halter mit Schaumstoff (Breite 12 cm), entwickelt zum effektiven Aufnehmen von Staub. Praktische Klettverschluss-Befestigung, ideal f\u00fcr die Verwendung mit impr\u00e4gnierten T\u00fcchern. Perfekt f\u00fcr eine schnelle und professionelle Reinigung.  <\/p>\n<p><strong><span style=\"color: #008000;\">REF: 1737<\/span><\/strong><\/p>\n","protected":false},"featured_media":26981,"template":"","meta":[],"product_brand":[],"product_cat":[600],"product_tag":[],"class_list":{"0":"post-26979","1":"product","2":"type-product","3":"status-publish","4":"has-post-thumbnail","6":"product_cat-kehren-entstauben","8":"first","9":"instock","10":"taxable","11":"shipping-taxable","12":"purchasable","13":"product-type-simple"},"acf":[],"_links":{"self":[{"href":"https:\/\/serviclean.be\/de\/wp-json\/wp\/v2\/product\/26979","targetHints":{"allow":["GET"]}}],"collection":[{"href":"https:\/\/serviclean.be\/de\/wp-json\/wp\/v2\/product"}],"about":[{"href":"https:\/\/serviclean.be\/de\/wp-json\/wp\/v2\/types\/product"}],"wp:featuredmedia":[{"embeddable":true,"href":"https:\/\/serviclean.be\/de\/wp-json\/wp\/v2\/media\/26981"}],"wp:attachment":[{"href":"https:\/\/serviclean.be\/de\/wp-json\/wp\/v2\/media?parent=26979"}],"wp:term":[{"taxonomy":"product_brand","embeddable":true,"href":"https:\/\/serviclean.be\/de\/wp-json\/wp\/v2\/product_brand?post=26979"},{"taxonomy":"product_cat","embeddable":true,"href":"https:\/\/serviclean.be\/de\/wp-json\/wp\/v2\/product_cat?post=26979"},{"taxonomy":"product_tag","embeddable":true,"href":"https:\/\/serviclean.be\/de\/wp-json\/wp\/v2\/product_tag?post=26979"}],"curies":[{"name":"wp","href":"https:\/\/api.w.org\/{rel}","templated":true}]}}