{"id":26967,"date":"2018-09-04T23:56:00","date_gmt":"2018-09-04T21:56:00","guid":{"rendered":"https:\/\/serviclean.be\/produit\/impraegnierte-rosa-vliese-100-stk\/"},"modified":"2018-09-04T23:56:00","modified_gmt":"2018-09-04T21:56:00","slug":"impraegnierte-rosa-vliese-100-stk","status":"publish","type":"product","link":"https:\/\/serviclean.be\/de\/produit\/impraegnierte-rosa-vliese-100-stk\/","title":{"rendered":"IMPR\u00c4GNIERTE ROSA VLIESE \u2013 100 STK."},"content":{"rendered":"<p>Impr\u00e4gniertes Vlies Verpackung: 100 Stk.<\/p>\n","protected":false},"excerpt":{"rendered":"<p>Einweg-Vliesstoffe. Mit einem raffinierten, geruchlosen \u00d6l impr\u00e4gniert, das Staub anzieht und bindet. Verschiedene Qualit\u00e4ten und Abmessungen.  <\/p>\n<p><span style=\"color: #008000;\"><strong>REF: 8621<\/strong><\/span><\/p>\n","protected":false},"featured_media":26972,"template":"","meta":[],"product_brand":[],"product_cat":[578,600],"product_tag":[],"class_list":{"0":"post-26967","1":"product","2":"type-product","3":"status-publish","4":"has-post-thumbnail","6":"product_cat-pflegeprodukte","7":"product_cat-kehren-entstauben","9":"first","10":"instock","11":"taxable","12":"shipping-taxable","13":"purchasable","14":"product-type-simple"},"acf":[],"_links":{"self":[{"href":"https:\/\/serviclean.be\/de\/wp-json\/wp\/v2\/product\/26967","targetHints":{"allow":["GET"]}}],"collection":[{"href":"https:\/\/serviclean.be\/de\/wp-json\/wp\/v2\/product"}],"about":[{"href":"https:\/\/serviclean.be\/de\/wp-json\/wp\/v2\/types\/product"}],"wp:featuredmedia":[{"embeddable":true,"href":"https:\/\/serviclean.be\/de\/wp-json\/wp\/v2\/media\/26972"}],"wp:attachment":[{"href":"https:\/\/serviclean.be\/de\/wp-json\/wp\/v2\/media?parent=26967"}],"wp:term":[{"taxonomy":"product_brand","embeddable":true,"href":"https:\/\/serviclean.be\/de\/wp-json\/wp\/v2\/product_brand?post=26967"},{"taxonomy":"product_cat","embeddable":true,"href":"https:\/\/serviclean.be\/de\/wp-json\/wp\/v2\/product_cat?post=26967"},{"taxonomy":"product_tag","embeddable":true,"href":"https:\/\/serviclean.be\/de\/wp-json\/wp\/v2\/product_tag?post=26967"}],"curies":[{"name":"wp","href":"https:\/\/api.w.org\/{rel}","templated":true}]}}