{"id":26963,"date":"2018-09-04T23:56:09","date_gmt":"2018-09-04T21:56:09","guid":{"rendered":"https:\/\/serviclean.be\/produit\/ariel-professional-regular-actilift-110-dos\/"},"modified":"2018-09-04T23:56:09","modified_gmt":"2018-09-04T21:56:09","slug":"ariel-professional-regular-actilift-110-dos","status":"publish","type":"product","link":"https:\/\/serviclean.be\/de\/produit\/ariel-professional-regular-actilift-110-dos\/","title":{"rendered":"Ariel Professional Regular Actilift 110 DOS"},"content":{"rendered":"<p>Ariel Professional Regular Actilift ist ein Hochleistungs-Waschmittel in Kapselform, das f\u00fcr den professionellen Einsatz entwickelt wurde. Jede Packung enth\u00e4lt 110 Dosen und bietet eine kraftvolle und effiziente Reinigung, selbst bei hartn\u00e4ckigsten Flecken. Die fortschrittliche Actilift-Formel erm\u00f6glicht eine schnelle Fleckentfernung bei gleichzeitigem Schutz der Textilfasern \u2013 f\u00fcr saubere und strahlende W\u00e4sche bei jedem Waschgang.  <\/p>\n","protected":false},"excerpt":{"rendered":"<p>Ariel Professional Regular Actilift, Profi-Waschmittelkapseln, 110 Dosen, kraftvolle Reinigung und Faserschutz.<\/p>\n<p><span style=\"color: #008000;\"><strong>Ref: 0121<\/strong><\/span><\/p>\n","protected":false},"featured_media":26966,"template":"","meta":[],"product_brand":[],"product_cat":[602],"product_tag":[],"class_list":{"0":"post-26963","1":"product","2":"type-product","3":"status-publish","4":"has-post-thumbnail","6":"product_cat-waschmittel-und-weichspuler","8":"first","9":"outofstock","10":"taxable","11":"shipping-taxable","12":"purchasable","13":"product-type-simple"},"acf":[],"_links":{"self":[{"href":"https:\/\/serviclean.be\/de\/wp-json\/wp\/v2\/product\/26963","targetHints":{"allow":["GET"]}}],"collection":[{"href":"https:\/\/serviclean.be\/de\/wp-json\/wp\/v2\/product"}],"about":[{"href":"https:\/\/serviclean.be\/de\/wp-json\/wp\/v2\/types\/product"}],"wp:featuredmedia":[{"embeddable":true,"href":"https:\/\/serviclean.be\/de\/wp-json\/wp\/v2\/media\/26966"}],"wp:attachment":[{"href":"https:\/\/serviclean.be\/de\/wp-json\/wp\/v2\/media?parent=26963"}],"wp:term":[{"taxonomy":"product_brand","embeddable":true,"href":"https:\/\/serviclean.be\/de\/wp-json\/wp\/v2\/product_brand?post=26963"},{"taxonomy":"product_cat","embeddable":true,"href":"https:\/\/serviclean.be\/de\/wp-json\/wp\/v2\/product_cat?post=26963"},{"taxonomy":"product_tag","embeddable":true,"href":"https:\/\/serviclean.be\/de\/wp-json\/wp\/v2\/product_tag?post=26963"}],"curies":[{"name":"wp","href":"https:\/\/api.w.org\/{rel}","templated":true}]}}