{"id":26945,"date":"2018-10-11T19:29:46","date_gmt":"2018-10-11T17:29:46","guid":{"rendered":"https:\/\/serviclean.be\/produit\/farbige-reinigungstuecher-10-kg\/"},"modified":"2018-10-11T19:29:46","modified_gmt":"2018-10-11T17:29:46","slug":"farbige-reinigungstuecher-10-kg","status":"publish","type":"product","link":"https:\/\/serviclean.be\/de\/produit\/farbige-reinigungstuecher-10-kg\/","title":{"rendered":"Farbige Reinigungst\u00fccher 10 kg"},"content":{"rendered":"","protected":false},"excerpt":{"rendered":"<p>Mehrfarbige Arbeitst\u00fccher, gewaschen und zugeschnitten. Geliefert im 10-kg-Sack oder in wei\u00dfer Spenderbox.<br \/>\n<span style=\"color: #008000;\"><strong>Ref: 7731<\/strong><\/span><\/p>\n","protected":false},"featured_media":26948,"template":"","meta":[],"product_brand":[],"product_cat":[598,599],"product_tag":[],"class_list":{"0":"post-26945","1":"product","2":"type-product","3":"status-publish","4":"has-post-thumbnail","6":"product_cat-hygiene-reinigung","7":"product_cat-werkstatten-karosserien","9":"first","10":"instock","11":"taxable","12":"shipping-taxable","13":"purchasable","14":"product-type-simple"},"acf":[],"_links":{"self":[{"href":"https:\/\/serviclean.be\/de\/wp-json\/wp\/v2\/product\/26945","targetHints":{"allow":["GET"]}}],"collection":[{"href":"https:\/\/serviclean.be\/de\/wp-json\/wp\/v2\/product"}],"about":[{"href":"https:\/\/serviclean.be\/de\/wp-json\/wp\/v2\/types\/product"}],"wp:featuredmedia":[{"embeddable":true,"href":"https:\/\/serviclean.be\/de\/wp-json\/wp\/v2\/media\/26948"}],"wp:attachment":[{"href":"https:\/\/serviclean.be\/de\/wp-json\/wp\/v2\/media?parent=26945"}],"wp:term":[{"taxonomy":"product_brand","embeddable":true,"href":"https:\/\/serviclean.be\/de\/wp-json\/wp\/v2\/product_brand?post=26945"},{"taxonomy":"product_cat","embeddable":true,"href":"https:\/\/serviclean.be\/de\/wp-json\/wp\/v2\/product_cat?post=26945"},{"taxonomy":"product_tag","embeddable":true,"href":"https:\/\/serviclean.be\/de\/wp-json\/wp\/v2\/product_tag?post=26945"}],"curies":[{"name":"wp","href":"https:\/\/api.w.org\/{rel}","templated":true}]}}