{"id":26931,"date":"2019-01-30T00:23:03","date_gmt":"2019-01-29T23:23:03","guid":{"rendered":"https:\/\/serviclean.be\/produit\/suma-grill-d9-2-l\/"},"modified":"2019-01-30T00:23:03","modified_gmt":"2019-01-29T23:23:03","slug":"suma-grill-d9-2-l","status":"publish","type":"product","link":"https:\/\/serviclean.be\/de\/produit\/suma-grill-d9-2-l\/","title":{"rendered":"Suma Grill D9 2 l"},"content":{"rendered":"<p>Suma Grill D9 ist ein Kraftreiniger f\u00fcr die regelm\u00e4\u00dfige Pflege von Oberfl\u00e4chen mit starken Fettablagerungen in der K\u00fcche.<\/p>\n<p>Suma Grill D9 ist ein hochalkalischer Reiniger, der f\u00fcr die regelm\u00e4\u00dfige Reinigung stark verschmutzter Oberfl\u00e4chen wie \u00d6fen, Grills oder Pfannen geeignet ist. Diese Mischung aus Alkalien, Tensiden und L\u00f6sungsmitteln entfernt stark verkohlte R\u00fcckst\u00e4nde. Mit Wasser verd\u00fcnnt eignet sich das Produkt auch f\u00fcr die Einweichreinigung von Fritteusen.  <\/p>\n<ul>\n<li style=\"list-style-type: none;\">\n<ul>\n<li>Starke alkalische Wirkung, die selbst stark verkohlte Verschmutzungen entfernt<\/li>\n<\/ul>\n<\/li>\n<\/ul>\n<ul>\n<li style=\"list-style-type: none;\">\n<ul>\n<li>Ideal f\u00fcr den Einsatz auf \u00d6fen, Grills und Pfannen sowie verd\u00fcnnt zur Reinigung von Fritteusen<\/li>\n<\/ul>\n<\/li>\n<\/ul>\n<ul>\n<li style=\"list-style-type: none;\">\n<ul>\n<li>Der Spr\u00fchkopf mit Verl\u00e4ngerung verbessert die Reichweite und begrenzt Produktverluste<\/li>\n<\/ul>\n<\/li>\n<\/ul>\n","protected":false},"excerpt":{"rendered":"<p>Suma Grill D9 eignet sich f\u00fcr \u00d6fen, Grills und die Einweichreinigung von Fritteusen.<\/p>\n<p><span style=\"color: #008000;\"><strong>Art.-Nr.: 2733<\/strong><\/span><\/p>\n","protected":false},"featured_media":26939,"template":"","meta":[],"product_brand":[],"product_cat":[597],"product_tag":[],"class_list":{"0":"post-26931","1":"product","2":"type-product","3":"status-publish","4":"has-post-thumbnail","6":"product_cat-fettloser","8":"first","9":"instock","10":"taxable","11":"shipping-taxable","12":"purchasable","13":"product-type-simple"},"acf":[],"_links":{"self":[{"href":"https:\/\/serviclean.be\/de\/wp-json\/wp\/v2\/product\/26931","targetHints":{"allow":["GET"]}}],"collection":[{"href":"https:\/\/serviclean.be\/de\/wp-json\/wp\/v2\/product"}],"about":[{"href":"https:\/\/serviclean.be\/de\/wp-json\/wp\/v2\/types\/product"}],"wp:featuredmedia":[{"embeddable":true,"href":"https:\/\/serviclean.be\/de\/wp-json\/wp\/v2\/media\/26939"}],"wp:attachment":[{"href":"https:\/\/serviclean.be\/de\/wp-json\/wp\/v2\/media?parent=26931"}],"wp:term":[{"taxonomy":"product_brand","embeddable":true,"href":"https:\/\/serviclean.be\/de\/wp-json\/wp\/v2\/product_brand?post=26931"},{"taxonomy":"product_cat","embeddable":true,"href":"https:\/\/serviclean.be\/de\/wp-json\/wp\/v2\/product_cat?post=26931"},{"taxonomy":"product_tag","embeddable":true,"href":"https:\/\/serviclean.be\/de\/wp-json\/wp\/v2\/product_tag?post=26931"}],"curies":[{"name":"wp","href":"https:\/\/api.w.org\/{rel}","templated":true}]}}