{"id":26928,"date":"2018-09-04T23:56:14","date_gmt":"2018-09-04T21:56:14","guid":{"rendered":"https:\/\/serviclean.be\/produit\/ergonomischer-vikan-stiel-130-cm-150-cm\/"},"modified":"2018-09-04T23:56:14","modified_gmt":"2018-09-04T21:56:14","slug":"ergonomischer-vikan-stiel-130-cm-150-cm","status":"publish","type":"product","link":"https:\/\/serviclean.be\/de\/produit\/ergonomischer-vikan-stiel-130-cm-150-cm\/","title":{"rendered":"Ergonomischer Vikan-Stiel 130 cm \/ 150 cm"},"content":{"rendered":"<p>Der Vikan-Stiel, erh\u00e4ltlich in den L\u00e4ngen 130 cm und 150 cm, ist darauf ausgelegt, die Nutzung des Stiels zu optimieren und so eine angenehme und effiziente Handhabung zu gew\u00e4hrleisten. Mit diesem Produkt sichern Sie sich dank durchdachtem Design und attraktiven Farben ein erstklassiges Reinigungserlebnis. <\/p>\n","protected":false},"excerpt":{"rendered":"<p>Der ergonomische Vikan-Stiel, erh\u00e4ltlich in den L\u00e4ngen 130 cm und 150 cm, ist speziell f\u00fcr Vikan-B\u00fcrsten und -Abzieher konzipiert. Er bietet eine komfortable und effiziente Handhabung und verbessert so die F\u00fchrung der Reinigungswerkzeuge. Dieses Produkt ist in zwei attraktiven Farben erh\u00e4ltlich: Gr\u00fcn und Blau. F\u00fcr eine optimale Nutzung passen der Vikan-B\u00fcrstenstiel und der Vikan-Bodenabzieherstiel perfekt zu all Ihren Reinigungsanforderungen.   <\/p>\n<p><span style=\"color: #008000;\"><strong>Ref.: 1676, 1687, 1696, 1688 <\/strong><\/span><\/p>\n","protected":false},"featured_media":26932,"template":"","meta":[],"product_brand":[],"product_cat":[594,573],"product_tag":[],"class_list":{"0":"post-26928","1":"product","2":"type-product","3":"status-publish","4":"has-post-thumbnail","6":"product_cat-bursten-und-abzieher","7":"product_cat-kuchenhygiene","9":"first","10":"instock","11":"taxable","12":"shipping-taxable","13":"purchasable","14":"product-type-variable"},"acf":[],"_links":{"self":[{"href":"https:\/\/serviclean.be\/de\/wp-json\/wp\/v2\/product\/26928","targetHints":{"allow":["GET"]}}],"collection":[{"href":"https:\/\/serviclean.be\/de\/wp-json\/wp\/v2\/product"}],"about":[{"href":"https:\/\/serviclean.be\/de\/wp-json\/wp\/v2\/types\/product"}],"wp:featuredmedia":[{"embeddable":true,"href":"https:\/\/serviclean.be\/de\/wp-json\/wp\/v2\/media\/26932"}],"wp:attachment":[{"href":"https:\/\/serviclean.be\/de\/wp-json\/wp\/v2\/media?parent=26928"}],"wp:term":[{"taxonomy":"product_brand","embeddable":true,"href":"https:\/\/serviclean.be\/de\/wp-json\/wp\/v2\/product_brand?post=26928"},{"taxonomy":"product_cat","embeddable":true,"href":"https:\/\/serviclean.be\/de\/wp-json\/wp\/v2\/product_cat?post=26928"},{"taxonomy":"product_tag","embeddable":true,"href":"https:\/\/serviclean.be\/de\/wp-json\/wp\/v2\/product_tag?post=26928"}],"curies":[{"name":"wp","href":"https:\/\/api.w.org\/{rel}","templated":true}]}}