{"id":26918,"date":"2018-09-04T23:56:16","date_gmt":"2018-09-04T21:56:16","guid":{"rendered":"https:\/\/serviclean.be\/produit\/pledge-wood-classic-400-ml\/"},"modified":"2018-09-04T23:56:16","modified_gmt":"2018-09-04T21:56:16","slug":"pledge-wood-classic-400-ml","status":"publish","type":"product","link":"https:\/\/serviclean.be\/de\/produit\/pledge-wood-classic-400-ml\/","title":{"rendered":"Pledge Wood Classic, 400 ml"},"content":{"rendered":"<p>Sie sch\u00fctzen und verhindern, dass sich Staub erneut absetzt. Gebrauchsfertig, leicht anzuwenden. <\/p>\n","protected":false},"excerpt":{"rendered":"<p>Staubbindend, gl\u00e4nzend und reinigend f\u00fcr alle M\u00f6bel und Einbaum\u00f6bel.<\/p>\n<p><span style=\"color: #008000;\"><strong>Ref.: 2089<\/strong><\/span><\/p>\n","protected":false},"featured_media":26922,"template":"","meta":[],"product_brand":[],"product_cat":[593],"product_tag":[],"class_list":{"0":"post-26918","1":"product","2":"type-product","3":"status-publish","4":"has-post-thumbnail","6":"product_cat-produkte-fur-glas-und-oberflachen","8":"first","9":"instock","10":"taxable","11":"shipping-taxable","12":"purchasable","13":"product-type-simple"},"acf":[],"_links":{"self":[{"href":"https:\/\/serviclean.be\/de\/wp-json\/wp\/v2\/product\/26918","targetHints":{"allow":["GET"]}}],"collection":[{"href":"https:\/\/serviclean.be\/de\/wp-json\/wp\/v2\/product"}],"about":[{"href":"https:\/\/serviclean.be\/de\/wp-json\/wp\/v2\/types\/product"}],"wp:featuredmedia":[{"embeddable":true,"href":"https:\/\/serviclean.be\/de\/wp-json\/wp\/v2\/media\/26922"}],"wp:attachment":[{"href":"https:\/\/serviclean.be\/de\/wp-json\/wp\/v2\/media?parent=26918"}],"wp:term":[{"taxonomy":"product_brand","embeddable":true,"href":"https:\/\/serviclean.be\/de\/wp-json\/wp\/v2\/product_brand?post=26918"},{"taxonomy":"product_cat","embeddable":true,"href":"https:\/\/serviclean.be\/de\/wp-json\/wp\/v2\/product_cat?post=26918"},{"taxonomy":"product_tag","embeddable":true,"href":"https:\/\/serviclean.be\/de\/wp-json\/wp\/v2\/product_tag?post=26918"}],"curies":[{"name":"wp","href":"https:\/\/api.w.org\/{rel}","templated":true}]}}