{"id":26900,"date":"2020-06-01T14:33:29","date_gmt":"2020-06-01T12:33:29","guid":{"rendered":"https:\/\/serviclean.be\/produit\/kombi-schaber-schaberhalter-unger-ergotec-ninja-15-cm\/"},"modified":"2020-06-01T14:33:29","modified_gmt":"2020-06-01T12:33:29","slug":"kombi-schaber-schaberhalter-unger-ergotec-ninja-15-cm","status":"publish","type":"product","link":"https:\/\/serviclean.be\/de\/produit\/kombi-schaber-schaberhalter-unger-ergotec-ninja-15-cm\/","title":{"rendered":"Kombi Schaber + Schaberhalter Unger ErgoTec Ninja \u2013 15 cm"},"content":{"rendered":"<p>Die ErgoTec Ninja Kombi 15 cm vereint einen professionellen Schaber und den passenden Schaberhalter und bietet eine praktische und sichere L\u00f6sung f\u00fcr die Fensterreinigung.<\/p>\n<p>Dank des EasyClip-Systems rastet der Schaber in wenigen Sekunden ein und sorgt f\u00fcr eine sichere und schnelle Anwendung. Der Schaberhalter ist mit allen Standard-Schabern in 10 cm und 15 cm kompatibel \u2013 ob flach oder abgewinkelt \u2013 und ist damit ein vielseitiges, unverzichtbares Werkzeug f\u00fcr professionelle Glasreiniger. <\/p>\n<p>Kompakt, robust und ergonomisch: Diese Kombi erleichtert die t\u00e4gliche Arbeit und entfernt effektiv fest sitzenden Schmutz, Farbreste, Kleber und hartn\u00e4ckige Ablagerungen.<\/p>\n<p><strong>Technische Daten:<\/strong><\/p>\n<ul>\n<li>Produkt: Kombi Schaber + Schaberhalter<\/li>\n<li>Marke: Unger ErgoTec Ninja<\/li>\n<li>Schaberma\u00df: 15 cm<\/li>\n<li>Kompatibilit\u00e4t: Alle flachen oder abgewinkelten Schaber in 10 und 15 cm<\/li>\n<li>Befestigungssystem: EasyClip (sichere Verriegelung in wenigen Sekunden)<\/li>\n<\/ul>\n<p><strong>Eigenschaften:<\/strong><\/p>\n<ul>\n<li>Stabiler, ergonomischer Schaberhalter<\/li>\n<li>Schnittschutz<\/li>\n<li>Vielseitiges Profi-Tool f\u00fcr Fenster und glatte Oberfl\u00e4chen<\/li>\n<\/ul>\n<p><strong>Gebrauchsanweisung:<\/strong><\/p>\n<ul>\n<li>Schaber in den Schaberhalter einsetzen.<\/li>\n<li>Mit dem EasyClip-System verriegeln.<\/li>\n<li>Zum Entfernen hartn\u00e4ckiger R\u00fcckst\u00e4nde auf Glas oder glatten Oberfl\u00e4chen verwenden.<\/li>\n<li>Nach Gebrauch ausclipsen \u2013 f\u00fcr eine sichere Aufbewahrung.<\/li>\n<\/ul>\n","protected":false},"excerpt":{"rendered":"<p>Kombi Unger ErgoTec Ninja: 15-cm-Schaber + Schaberhalter. EasyClip-System, kompatibel mit flachen\/abgewinkelten 10\u201315-cm-Schabern. Robustes und sicheres Profi-Tool.  <\/p>\n<p><strong><span style=\"color: #008000;\">Ref.: 11621<\/span><\/strong><\/p>\n","protected":false},"featured_media":26906,"template":"","meta":[],"product_brand":[],"product_cat":[576,591],"product_tag":[],"class_list":{"0":"post-26900","1":"product","2":"type-product","3":"status-publish","4":"has-post-thumbnail","6":"product_cat-fensterreinigungszubehor","7":"product_cat-material-zubehor","9":"first","10":"instock","11":"taxable","12":"shipping-taxable","13":"purchasable","14":"product-type-simple"},"acf":[],"_links":{"self":[{"href":"https:\/\/serviclean.be\/de\/wp-json\/wp\/v2\/product\/26900","targetHints":{"allow":["GET"]}}],"collection":[{"href":"https:\/\/serviclean.be\/de\/wp-json\/wp\/v2\/product"}],"about":[{"href":"https:\/\/serviclean.be\/de\/wp-json\/wp\/v2\/types\/product"}],"wp:featuredmedia":[{"embeddable":true,"href":"https:\/\/serviclean.be\/de\/wp-json\/wp\/v2\/media\/26906"}],"wp:attachment":[{"href":"https:\/\/serviclean.be\/de\/wp-json\/wp\/v2\/media?parent=26900"}],"wp:term":[{"taxonomy":"product_brand","embeddable":true,"href":"https:\/\/serviclean.be\/de\/wp-json\/wp\/v2\/product_brand?post=26900"},{"taxonomy":"product_cat","embeddable":true,"href":"https:\/\/serviclean.be\/de\/wp-json\/wp\/v2\/product_cat?post=26900"},{"taxonomy":"product_tag","embeddable":true,"href":"https:\/\/serviclean.be\/de\/wp-json\/wp\/v2\/product_tag?post=26900"}],"curies":[{"name":"wp","href":"https:\/\/api.w.org\/{rel}","templated":true}]}}