{"id":26880,"date":"2019-05-13T22:49:33","date_gmt":"2019-05-13T20:49:33","guid":{"rendered":"https:\/\/serviclean.be\/produit\/toilettenpapier-maxi-jumbo-2-lagig-320-m-6-rollen-zellstoff\/"},"modified":"2019-05-13T22:49:33","modified_gmt":"2019-05-13T20:49:33","slug":"toilettenpapier-maxi-jumbo-2-lagig-320-m-6-rollen-zellstoff","status":"publish","type":"product","link":"https:\/\/serviclean.be\/de\/produit\/toilettenpapier-maxi-jumbo-2-lagig-320-m-6-rollen-zellstoff\/","title":{"rendered":"Toilettenpapier Maxi Jumbo 2-lagig 320 m &#8211; 6 Rollen, Zellstoff"},"content":{"rendered":"<p>Das Toilettenpapier Maxi Jumbo 2-lagig aus Zellstoff ist f\u00fcr hohe Kapazit\u00e4t und Qualit\u00e4tsleistung in stark frequentierten Umgebungen konzipiert. Jede Rolle misst 320 Meter L\u00e4nge und 9,8 cm Breite, ideal f\u00fcr \u00f6ffentliche Toiletten, Hotels, B\u00fcros und andere gewerbliche Bereiche. Kompatibel mit Maxi Jumbo Toilettenpapier-Spendern der Linien ECO-LUXE LOSDI und Tork bietet dieses 6er-Pack eine praktische und wirtschaftliche L\u00f6sung f\u00fcr l\u00e4ngeren Gebrauch. Es garantiert optimale Saugf\u00e4higkeit und Rei\u00dffestigkeit.   <\/p>\n<p><strong>Hauptmerkmale:<\/strong><\/p>\n<ul>\n<li>Lagen: 2 f\u00fcr optimale Saugf\u00e4higkeit.<\/li>\n<li>L\u00e4nge: 320 Meter pro Rolle.<\/li>\n<li>Breite: 9,8 cm.<\/li>\n<li>Material: 100 % Zellstoff.<\/li>\n<li>Kompatibel mit: Maxi Jumbo Spendern, Linien ECO-LUXE LOSDI und Tork.<\/li>\n<li>Verkauft als: Karton mit 6 Rollen.<\/li>\n<\/ul>\n","protected":false},"excerpt":{"rendered":"<p>Toilettenpapier Maxi Jumbo 2-lagig, 320 m pro Rolle, konzipiert f\u00fcr stark frequentierte Umgebungen. Kompatibel mit ECO-LUXE und Tork Spendern. 6er-Pack.<br \/>\n<span style=\"color: #008000;\"><strong>Art.-Nr.: 1992<\/strong><\/span><\/p>\n","protected":false},"featured_media":26887,"template":"","meta":[],"product_brand":[],"product_cat":[588],"product_tag":[584],"class_list":{"0":"post-26880","1":"product","2":"type-product","3":"status-publish","4":"has-post-thumbnail","6":"product_cat-spender-und-toilettenpapier","7":"product_tag-tork","9":"first","10":"instock","11":"taxable","12":"shipping-taxable","13":"purchasable","14":"product-type-simple"},"acf":[],"_links":{"self":[{"href":"https:\/\/serviclean.be\/de\/wp-json\/wp\/v2\/product\/26880","targetHints":{"allow":["GET"]}}],"collection":[{"href":"https:\/\/serviclean.be\/de\/wp-json\/wp\/v2\/product"}],"about":[{"href":"https:\/\/serviclean.be\/de\/wp-json\/wp\/v2\/types\/product"}],"wp:featuredmedia":[{"embeddable":true,"href":"https:\/\/serviclean.be\/de\/wp-json\/wp\/v2\/media\/26887"}],"wp:attachment":[{"href":"https:\/\/serviclean.be\/de\/wp-json\/wp\/v2\/media?parent=26880"}],"wp:term":[{"taxonomy":"product_brand","embeddable":true,"href":"https:\/\/serviclean.be\/de\/wp-json\/wp\/v2\/product_brand?post=26880"},{"taxonomy":"product_cat","embeddable":true,"href":"https:\/\/serviclean.be\/de\/wp-json\/wp\/v2\/product_cat?post=26880"},{"taxonomy":"product_tag","embeddable":true,"href":"https:\/\/serviclean.be\/de\/wp-json\/wp\/v2\/product_tag?post=26880"}],"curies":[{"name":"wp","href":"https:\/\/api.w.org\/{rel}","templated":true}]}}