{"id":26857,"date":"2020-05-23T01:23:27","date_gmt":"2020-05-22T23:23:27","guid":{"rendered":"https:\/\/serviclean.be\/produit\/cremeseife-handseife\/"},"modified":"2020-05-23T01:23:27","modified_gmt":"2020-05-22T23:23:27","slug":"cremeseife-handseife","status":"publish","type":"product","link":"https:\/\/serviclean.be\/de\/produit\/cremeseife-handseife\/","title":{"rendered":"Cremeseife (Handseife)"},"content":{"rendered":"<p>Die Cremeseife f\u00fcr die H\u00e4nde ist f\u00fcr eine sanfte t\u00e4gliche Reinigung konzipiert. Ihre cremige Textur spendet Feuchtigkeit und sch\u00fctzt die Haut, auch bei h\u00e4ufigem Waschen. Ideal f\u00fcr den privaten oder professionellen Einsatz, hinterl\u00e4sst sie die H\u00e4nde sauber, weich und angenehm duftend. Geeignet f\u00fcr alle Hauttypen, auch f\u00fcr empfindliche Haut.   <\/p>\n","protected":false},"excerpt":{"rendered":"<p>Milde Cremeseife f\u00fcr die H\u00e4nde, reinigt ohne auszutrocknen. Ideal f\u00fcr den h\u00e4ufigen Gebrauch zu Hause oder im professionellen Umfeld. Cremeseife 500 ml.  <\/p>\n<p><strong><span style=\"color: #008000;\">Ref.: 11658<\/span><\/strong><\/p>\n","protected":false},"featured_media":26859,"template":"","meta":[],"product_brand":[],"product_cat":[571],"product_tag":[],"class_list":{"0":"post-26857","1":"product","2":"type-product","3":"status-publish","4":"has-post-thumbnail","6":"product_cat-handhygiene","8":"first","9":"instock","10":"taxable","11":"shipping-taxable","12":"purchasable","13":"product-type-simple"},"acf":[],"_links":{"self":[{"href":"https:\/\/serviclean.be\/de\/wp-json\/wp\/v2\/product\/26857","targetHints":{"allow":["GET"]}}],"collection":[{"href":"https:\/\/serviclean.be\/de\/wp-json\/wp\/v2\/product"}],"about":[{"href":"https:\/\/serviclean.be\/de\/wp-json\/wp\/v2\/types\/product"}],"wp:featuredmedia":[{"embeddable":true,"href":"https:\/\/serviclean.be\/de\/wp-json\/wp\/v2\/media\/26859"}],"wp:attachment":[{"href":"https:\/\/serviclean.be\/de\/wp-json\/wp\/v2\/media?parent=26857"}],"wp:term":[{"taxonomy":"product_brand","embeddable":true,"href":"https:\/\/serviclean.be\/de\/wp-json\/wp\/v2\/product_brand?post=26857"},{"taxonomy":"product_cat","embeddable":true,"href":"https:\/\/serviclean.be\/de\/wp-json\/wp\/v2\/product_cat?post=26857"},{"taxonomy":"product_tag","embeddable":true,"href":"https:\/\/serviclean.be\/de\/wp-json\/wp\/v2\/product_tag?post=26857"}],"curies":[{"name":"wp","href":"https:\/\/api.w.org\/{rel}","templated":true}]}}