{"id":26848,"date":"2020-06-26T19:35:24","date_gmt":"2020-06-26T17:35:24","guid":{"rendered":"https:\/\/serviclean.be\/produit\/kenolox-10-viruzides-desinfektionsmittel-fuer-oberflaechen-raeume\/"},"modified":"2020-06-26T19:35:24","modified_gmt":"2020-06-26T17:35:24","slug":"kenolox-10-viruzides-desinfektionsmittel-fuer-oberflaechen-raeume","status":"publish","type":"product","link":"https:\/\/serviclean.be\/de\/produit\/kenolox-10-viruzides-desinfektionsmittel-fuer-oberflaechen-raeume\/","title":{"rendered":"Kenolox 10 \u2013 Viruzides Desinfektionsmittel f\u00fcr Oberfl\u00e4chen &amp; R\u00e4ume"},"content":{"rendered":"<p>Kenolox 10 ist ein gebrauchsfertiges Desinfektionsmittel zur Desinfektion von Oberfl\u00e4chen, Ger\u00e4ten und R\u00e4umen durch Spr\u00fchen oder Vernebeln. Es eignet sich sowohl f\u00fcr die Lebensmittelindustrie als auch f\u00fcr \u00f6ffentliche Bereiche (private und professionelle Anwendung). <\/p>\n<p>Seine Formel bietet eine umfassende viruzide, bakterizide und levurozide Wirkung, zertifiziert f\u00fcr den privaten Gebrauch (PT2) und den Lebensmittelbereich (PT4). Kenolox 10 wirkt in 2 Minuten durch Spr\u00fchen oder durch Vernebelung bei 30 ml\/m\u00b3 mit einer Kontaktzeit von 4 Stunden (1 Std. Ausbringung, 3 Std. Bel\u00fcftung). <\/p>\n<p><strong>Technische Informationen<\/strong><\/p>\n<ul>\n<li>Produkttyp: Gebrauchsfertiges Desinfektionsmittel<\/li>\n<li>Funktionen: Viruzid, bakterizid, levurozid<\/li>\n<\/ul>\n<p><strong>Anwendung:<\/strong><\/p>\n<ul>\n<li>Spr\u00fchen: Unverd\u00fcnntes Produkt, Kontaktzeit 2 Minuten<\/li>\n<li>Vernebelung: 30 ml\/m\u00b3, Gesamtkontaktzeit 4 Std. (1 Std. Ausbringung + 3 Std. Bel\u00fcftung)<\/li>\n<\/ul>\n<p><strong>Anwendungsbereiche:<\/strong><\/p>\n<ul>\n<li>Lebensmittelindustrie<\/li>\n<li>\u00d6ffentliche R\u00e4ume (private Anwendung)<\/li>\n<li>\u00d6ffentliches Gesundheitswesen (PT2)<\/li>\n<li>Lebens- und Futtermittelbereich (PT4)<\/li>\n<li>Verf\u00fcgbare Verpackung: 1-l-Flasche<\/li>\n<li>Zulassungsnummer: 12017B<\/li>\n<\/ul>\n","protected":false},"excerpt":{"rendered":"<p>Gebrauchsfertiges viruzides Desinfektionsmittel f\u00fcr Oberfl\u00e4chen und R\u00e4ume. Spr\u00fchen oder Vernebeln. PT2 &amp; PT4. 1-l-Format. Professionelle und private Anwendung.    <\/p>\n<p><strong><span style=\"color: #008000;\">Art.-Nr.: 11630, 11679<\/span><\/strong><\/p>\n","protected":false},"featured_media":26853,"template":"","meta":[],"product_brand":[],"product_cat":[573,574],"product_tag":[],"class_list":{"0":"post-26848","1":"product","2":"type-product","3":"status-publish","4":"has-post-thumbnail","6":"product_cat-kuchenhygiene","7":"product_cat-hand-und-flachendesinfektion","9":"first","10":"onbackorder","11":"taxable","12":"shipping-taxable","13":"purchasable","14":"product-type-variable"},"acf":[],"_links":{"self":[{"href":"https:\/\/serviclean.be\/de\/wp-json\/wp\/v2\/product\/26848","targetHints":{"allow":["GET"]}}],"collection":[{"href":"https:\/\/serviclean.be\/de\/wp-json\/wp\/v2\/product"}],"about":[{"href":"https:\/\/serviclean.be\/de\/wp-json\/wp\/v2\/types\/product"}],"wp:featuredmedia":[{"embeddable":true,"href":"https:\/\/serviclean.be\/de\/wp-json\/wp\/v2\/media\/26853"}],"wp:attachment":[{"href":"https:\/\/serviclean.be\/de\/wp-json\/wp\/v2\/media?parent=26848"}],"wp:term":[{"taxonomy":"product_brand","embeddable":true,"href":"https:\/\/serviclean.be\/de\/wp-json\/wp\/v2\/product_brand?post=26848"},{"taxonomy":"product_cat","embeddable":true,"href":"https:\/\/serviclean.be\/de\/wp-json\/wp\/v2\/product_cat?post=26848"},{"taxonomy":"product_tag","embeddable":true,"href":"https:\/\/serviclean.be\/de\/wp-json\/wp\/v2\/product_tag?post=26848"}],"curies":[{"name":"wp","href":"https:\/\/api.w.org\/{rel}","templated":true}]}}