{"id":26847,"date":"2020-06-16T19:23:36","date_gmt":"2020-06-16T17:23:36","guid":{"rendered":"https:\/\/serviclean.be\/produit\/unger-teleskopstange-2-x-125-cm\/"},"modified":"2020-06-16T19:23:36","modified_gmt":"2020-06-16T17:23:36","slug":"unger-teleskopstange-2-x-125-cm","status":"publish","type":"product","link":"https:\/\/serviclean.be\/de\/produit\/unger-teleskopstange-2-x-125-cm\/","title":{"rendered":"Unger Teleskopstange 2 \u00d7 125 cm."},"content":{"rendered":"<p>Teleskopstange, 2-teilig, mit Sicherheitskonus.<br \/>\nDiese Teleskopstange ist in mehreren L\u00e4ngen erh\u00e4ltlich, sodass Sie sich nicht mehr auf gef\u00e4hrliche Leitern stellen m\u00fcssen, sondern sicher vom Boden aus arbeiten k\u00f6nnen. Diese Stangen sind aus sehr robustem, aber leichtem Aluminium gefertigt, sodass Sie problemlos Fl\u00e4chen in der H\u00f6he reinigen k\u00f6nnen: Fenster, Photovoltaikmodule, Rolll\u00e4den, W\u00e4nde, Lkw \u2026 . <\/p>\n","protected":false},"excerpt":{"rendered":"<p>Die professionellen Teleskopstangen der deutschen Marke Unger sind ideal f\u00fcr eine sichere, handliche und effiziente Reinigung in der H\u00f6he.<\/p>\n<p><span style=\"color: #008000;\"><strong>Ref.: 11628<\/strong><\/span><\/p>\n","protected":false},"featured_media":26849,"template":"","meta":[],"product_brand":[],"product_cat":[576],"product_tag":[577],"class_list":{"0":"post-26847","1":"product","2":"type-product","3":"status-publish","4":"has-post-thumbnail","6":"product_cat-fensterreinigungszubehor","7":"product_tag-unger","9":"first","10":"instock","11":"taxable","12":"shipping-taxable","13":"purchasable","14":"product-type-simple"},"acf":[],"_links":{"self":[{"href":"https:\/\/serviclean.be\/de\/wp-json\/wp\/v2\/product\/26847","targetHints":{"allow":["GET"]}}],"collection":[{"href":"https:\/\/serviclean.be\/de\/wp-json\/wp\/v2\/product"}],"about":[{"href":"https:\/\/serviclean.be\/de\/wp-json\/wp\/v2\/types\/product"}],"wp:featuredmedia":[{"embeddable":true,"href":"https:\/\/serviclean.be\/de\/wp-json\/wp\/v2\/media\/26849"}],"wp:attachment":[{"href":"https:\/\/serviclean.be\/de\/wp-json\/wp\/v2\/media?parent=26847"}],"wp:term":[{"taxonomy":"product_brand","embeddable":true,"href":"https:\/\/serviclean.be\/de\/wp-json\/wp\/v2\/product_brand?post=26847"},{"taxonomy":"product_cat","embeddable":true,"href":"https:\/\/serviclean.be\/de\/wp-json\/wp\/v2\/product_cat?post=26847"},{"taxonomy":"product_tag","embeddable":true,"href":"https:\/\/serviclean.be\/de\/wp-json\/wp\/v2\/product_tag?post=26847"}],"curies":[{"name":"wp","href":"https:\/\/api.w.org\/{rel}","templated":true}]}}