{"id":26826,"date":"2020-06-18T14:03:21","date_gmt":"2020-06-18T12:03:21","guid":{"rendered":"https:\/\/serviclean.be\/produit\/virocid-rtu-spray-gebrauchsfertiges-mehrzweck-desinfektionsmittel\/"},"modified":"2020-06-18T14:03:21","modified_gmt":"2020-06-18T12:03:21","slug":"virocid-rtu-spray-gebrauchsfertiges-mehrzweck-desinfektionsmittel","status":"publish","type":"product","link":"https:\/\/serviclean.be\/de\/produit\/virocid-rtu-spray-gebrauchsfertiges-mehrzweck-desinfektionsmittel\/","title":{"rendered":"Virocid\u00ae RTU Spray \u2013 Gebrauchsfertiges Mehrzweck-Desinfektionsmittel"},"content":{"rendered":"<p>Virocid\u00ae RTU Spray ist ein gebrauchsfertiges fl\u00fcssiges Desinfektionsmittel als Spray, ideal zur Desinfektion von Tierunterk\u00fcnften, Material, Stiefeln, Werkzeugen und tierbezogenen Transportmitteln. Es bietet eine umfassende bakterizide, fungizide und viruzide Wirkung und gew\u00e4hrleistet optimale Hygiene in landwirtschaftlichen und veterin\u00e4rmedizinischen Umgebungen. <\/p>\n<p>Vor der Anwendung wird empfohlen, die Oberfl\u00e4chen zu reinigen, um eine maximale Wirksamkeit zu gew\u00e4hrleisten. Das Produkt wird unverd\u00fcnnt, ohne Verd\u00fcnnung, mit einer Einwirkzeit von 15 Minuten angewendet. Nach der Anwendung ist kein Absp\u00fclen der Oberfl\u00e4chen erforderlich, was die Anwendung erleichtert.  <\/p>\n<p>Virocid\u00ae RTU ist f\u00fcr die Anwendung im Privatbereich und im Bereich \u00f6ffentliche Gesundheit (TP2) konform und eignet sich f\u00fcr Oberfl\u00e4chen mit Lebensmittelkontakt, wodurch Sicherheit und regulatorische Konformit\u00e4t gew\u00e4hrleistet werden.<\/p>\n<p><strong>Technische Informationen<\/strong><\/p>\n<ul>\n<li>Produkttyp: Gebrauchsfertiges fl\u00fcssiges Desinfektionsmittel als Spray<\/li>\n<li>Anwendungsbereiche: Tierunterk\u00fcnfte, Material, Stiefel, Werkzeuge, Transportmittel<\/li>\n<li>Anwendung: Privatbereich und \u00f6ffentliche Gesundheit (TP2)<\/li>\n<li>Wirksamkeit: Bakterizid, fungizid, viruzid<\/li>\n<li>Anwendung: Vor der Desinfektion reinigen, unverd\u00fcnnt aufspr\u00fchen<\/li>\n<li>Einwirkzeit: 15 Minuten<\/li>\n<li>Absp\u00fclen: Nicht erforderlich<\/li>\n<li>Konformit\u00e4t: Oberfl\u00e4chen mit Lebensmittelkontakt<\/li>\n<\/ul>\n","protected":false},"excerpt":{"rendered":"<p>Gebrauchsfertiges Desinfektionsmittel f\u00fcr Tierunterk\u00fcnfte, Material und Transportmittel. Bakterizid, fungizid, viruzid. Einwirkzeit 15 Min., ohne Absp\u00fclen.<br \/>\n<strong><span style=\"color: #008000;\">Ref.: 11680<\/span><\/strong><\/p>\n","protected":false},"featured_media":26832,"template":"","meta":[],"product_brand":[],"product_cat":[574],"product_tag":[],"class_list":{"0":"post-26826","1":"product","2":"type-product","3":"status-publish","4":"has-post-thumbnail","6":"product_cat-hand-und-flachendesinfektion","8":"first","9":"outofstock","10":"taxable","11":"shipping-taxable","12":"purchasable","13":"product-type-simple"},"acf":[],"_links":{"self":[{"href":"https:\/\/serviclean.be\/de\/wp-json\/wp\/v2\/product\/26826","targetHints":{"allow":["GET"]}}],"collection":[{"href":"https:\/\/serviclean.be\/de\/wp-json\/wp\/v2\/product"}],"about":[{"href":"https:\/\/serviclean.be\/de\/wp-json\/wp\/v2\/types\/product"}],"wp:featuredmedia":[{"embeddable":true,"href":"https:\/\/serviclean.be\/de\/wp-json\/wp\/v2\/media\/26832"}],"wp:attachment":[{"href":"https:\/\/serviclean.be\/de\/wp-json\/wp\/v2\/media?parent=26826"}],"wp:term":[{"taxonomy":"product_brand","embeddable":true,"href":"https:\/\/serviclean.be\/de\/wp-json\/wp\/v2\/product_brand?post=26826"},{"taxonomy":"product_cat","embeddable":true,"href":"https:\/\/serviclean.be\/de\/wp-json\/wp\/v2\/product_cat?post=26826"},{"taxonomy":"product_tag","embeddable":true,"href":"https:\/\/serviclean.be\/de\/wp-json\/wp\/v2\/product_tag?post=26826"}],"curies":[{"name":"wp","href":"https:\/\/api.w.org\/{rel}","templated":true}]}}