{"id":26811,"date":"2020-07-14T19:31:15","date_gmt":"2020-07-14T17:31:15","guid":{"rendered":"https:\/\/serviclean.be\/produit\/tretmuelleimer-aus-gebuerstetem-edelstahl-5-l-12-l-30-l\/"},"modified":"2020-07-14T19:31:15","modified_gmt":"2020-07-14T17:31:15","slug":"tretmuelleimer-aus-gebuerstetem-edelstahl-5-l-12-l-30-l","status":"publish","type":"product","link":"https:\/\/serviclean.be\/de\/produit\/tretmuelleimer-aus-gebuerstetem-edelstahl-5-l-12-l-30-l\/","title":{"rendered":"Tretm\u00fclleimer aus geb\u00fcrstetem Edelstahl 5 L \/ 12 L \/ 30 L"},"content":{"rendered":"<p>Der Tretm\u00fclleimer ist aus hochwertigem geb\u00fcrstetem Edelstahl mit fingerabdruckresistenter Behandlung gefertigt, die die Beh\u00e4lter sauber h\u00e4lt.<\/p>\n","protected":false},"excerpt":{"rendered":"<p>Klassischer Tretm\u00fclleimer in kompakter Bauweise und k\u00fcnstlerischer Optik, ideal f\u00fcr jeden Einsatzort. Das D\u00e4mpfungssystem sorgt f\u00fcr eine ger\u00e4uschlose Umgebung f\u00fcr bessere Lebensqualit\u00e4t. <\/p>\n<p><span style=\"color: #00a859;\"><strong>Art.-Nr.: 2134, 11627, 5179<\/strong><\/span><\/p>\n","protected":false},"featured_media":26815,"template":"","meta":[],"product_brand":[],"product_cat":[572],"product_tag":[],"class_list":{"0":"post-26811","1":"product","2":"type-product","3":"status-publish","4":"has-post-thumbnail","6":"product_cat-mulleimer","8":"first","9":"instock","10":"taxable","11":"shipping-taxable","12":"purchasable","13":"product-type-variable"},"acf":[],"_links":{"self":[{"href":"https:\/\/serviclean.be\/de\/wp-json\/wp\/v2\/product\/26811","targetHints":{"allow":["GET"]}}],"collection":[{"href":"https:\/\/serviclean.be\/de\/wp-json\/wp\/v2\/product"}],"about":[{"href":"https:\/\/serviclean.be\/de\/wp-json\/wp\/v2\/types\/product"}],"wp:featuredmedia":[{"embeddable":true,"href":"https:\/\/serviclean.be\/de\/wp-json\/wp\/v2\/media\/26815"}],"wp:attachment":[{"href":"https:\/\/serviclean.be\/de\/wp-json\/wp\/v2\/media?parent=26811"}],"wp:term":[{"taxonomy":"product_brand","embeddable":true,"href":"https:\/\/serviclean.be\/de\/wp-json\/wp\/v2\/product_brand?post=26811"},{"taxonomy":"product_cat","embeddable":true,"href":"https:\/\/serviclean.be\/de\/wp-json\/wp\/v2\/product_cat?post=26811"},{"taxonomy":"product_tag","embeddable":true,"href":"https:\/\/serviclean.be\/de\/wp-json\/wp\/v2\/product_tag?post=26811"}],"curies":[{"name":"wp","href":"https:\/\/api.w.org\/{rel}","templated":true}]}}