{"id":26810,"date":"2020-06-20T14:42:13","date_gmt":"2020-06-20T12:42:13","guid":{"rendered":"https:\/\/serviclean.be\/produit\/mobiler-treteimer-mit-tuer-pedal-90-l-auf-raedern\/"},"modified":"2020-06-20T14:42:13","modified_gmt":"2020-06-20T12:42:13","slug":"mobiler-treteimer-mit-tuer-pedal-90-l-auf-raedern","status":"publish","type":"product","link":"https:\/\/serviclean.be\/de\/produit\/mobiler-treteimer-mit-tuer-pedal-90-l-auf-raedern\/","title":{"rendered":"MOBILER TRETEIMER MIT T\u00dcR &amp; PEDAL \u2013 90 L AUF R\u00c4DERN"},"content":{"rendered":"<div class=\"row\">\n<div class=\"col-sm-12\"><span id=\"ctl00_ContentPlaceHolder1_ucItemDetail_lblTechnisch\" class=\"itemdetail__title\">Technische Informationen<\/span><\/div>\n<\/div>\n<div class=\"info\">\n<table class=\"technical-info\">\n<tbody>\n<tr id=\"ctl00_ContentPlaceHolder1_ucItemDetail_trVol\">\n<td><span id=\"ctl00_ContentPlaceHolder1_ucItemDetail_lblVolumeTitle\">Fassungsverm\u00f6gen (l):<\/span><\/td>\n<td><span id=\"ctl00_ContentPlaceHolder1_ucItemDetail_lblVolume\">90<\/span><\/td>\n<\/tr>\n<tr id=\"ctl00_ContentPlaceHolder1_ucItemDetail_trWeight\">\n<td><span id=\"ctl00_ContentPlaceHolder1_ucItemDetail_lblWeightTitle\">Gewicht (kg):<\/span><\/td>\n<td><span id=\"ctl00_ContentPlaceHolder1_ucItemDetail_lblWeight\">10<\/span><\/td>\n<\/tr>\n<tr id=\"ctl00_ContentPlaceHolder1_ucItemDetail_trDimensions\">\n<td><span id=\"ctl00_ContentPlaceHolder1_ucItemDetail_lblUitwAfTitle\">Au\u00dfenma\u00dfe (mm):  <\/span><\/td>\n<td><span id=\"ctl00_ContentPlaceHolder1_ucItemDetail_tdLength\"><span id=\"ctl00_ContentPlaceHolder1_ucItemDetail_lblLengthTitle\">B<\/span>  <span id=\"ctl00_ContentPlaceHolder1_ucItemDetail_lblLength\">530<\/span><\/span> x <span id=\"ctl00_ContentPlaceHolder1_ucItemDetail_tdWidth\"><span id=\"ctl00_ContentPlaceHolder1_ucItemDetail_lblWidthTitle\">T<\/span>  <span id=\"ctl00_ContentPlaceHolder1_ucItemDetail_lblWidth\">500<\/span><\/span> x <span id=\"ctl00_ContentPlaceHolder1_ucItemDetail_tdHeight\"><span id=\"ctl00_ContentPlaceHolder1_ucItemDetail_lblHeightTitle\">H<\/span>  <span id=\"ctl00_ContentPlaceHolder1_ucItemDetail_lblHeight\">930<\/span><\/span><\/td>\n<\/tr>\n<tr id=\"ctl00_ContentPlaceHolder1_ucItemDetail_trMatter\">\n<td><span id=\"ctl00_ContentPlaceHolder1_ucItemDetail_lblMatterTitle\">Material:<\/span><\/td>\n<td><span id=\"ctl00_ContentPlaceHolder1_ucItemDetail_lblMatter\">Polyethylen + Polypropylen<\/span><\/td>\n<\/tr>\n<tr id=\"ctl00_ContentPlaceHolder1_ucItemDetail_trEAN\">\n<td><span id=\"ctl00_ContentPlaceHolder1_ucItemDetail_lblEANTitle\">EAN:<\/span><\/td>\n<td>\n<div id=\"ctl00_ContentPlaceHolder1_ucItemDetail_ctl22\"><span id=\"ctl00_ContentPlaceHolder1_ucItemDetail_lblEAN\">5414618195693<\/span><\/div>\n<\/td>\n<\/tr>\n<tr id=\"ctl00_ContentPlaceHolder1_ucItemDetail_trSKU\">\n<td>SKU:<\/td>\n<td>\n<div id=\"ctl00_ContentPlaceHolder1_ucItemDetail_ctl27\"><span id=\"ctl00_ContentPlaceHolder1_ucItemDetail_lblSKU\">10222660800<\/span><\/div>\n<\/td>\n<\/tr>\n<tr id=\"ctl00_ContentPlaceHolder1_ucItemDetail_trACO\">\n<td>ACO:<\/td>\n<td>\n<div id=\"ctl00_ContentPlaceHolder1_ucItemDetail_ctl32\"><span id=\"ctl00_ContentPlaceHolder1_ucItemDetail_lblACO\">PB-1501<\/span><\/div>\n<\/td>\n<\/tr>\n<\/tbody>\n<\/table>\n<\/div>\n<div class=\"row\">\n<div class=\"col-sm-12\"><span id=\"ctl00_ContentPlaceHolder1_ucItemDetail_lblBeschrijving\" class=\"itemdetail__title\">Beschreibung<\/span><\/div>\n<\/div>\n<div class=\"bottom\">\n<div class=\"download row\">\n<div class=\"col-xs-12\">\n<div id=\"ctl00_ContentPlaceHolder1_ucItemDetail_ctl08\">\n<table class=\"features\" style=\"height: 308px;\" width=\"672\">\n<tbody>\n<tr>\n<td class=\"features__box\"><img decoding=\"async\" src=\"https:\/\/eshop.plastibac.eu\/images\/icon_check_vinkje.svg\" alt=\"\"><\/td>\n<td>Ergonomische Ausf\u00fchrung, sto\u00dffest<\/td>\n<\/tr>\n<tr>\n<td class=\"features__box\"><img decoding=\"async\" src=\"https:\/\/eshop.plastibac.eu\/images\/icon_check_vinkje.svg\" alt=\"\"><\/td>\n<td>Deckel schwenkt um 90\u00b0<\/td>\n<\/tr>\n<tr>\n<td class=\"features__box\"><img decoding=\"async\" src=\"https:\/\/eshop.plastibac.eu\/images\/icon_check_vinkje.svg\" alt=\"\"><\/td>\n<td>Deckel in mehreren Farben erh\u00e4ltlich (wei\u00df \u2013 blau \u2013 rot \u2013 gr\u00fcn \u2013 gelb)<\/td>\n<\/tr>\n<tr>\n<td class=\"features__box\"><img decoding=\"async\" src=\"https:\/\/eshop.plastibac.eu\/images\/icon_check_vinkje.svg\" alt=\"\"><\/td>\n<td>Eimer immer wei\u00df<\/td>\n<\/tr>\n<tr>\n<td class=\"features__box\"><img decoding=\"async\" src=\"https:\/\/eshop.plastibac.eu\/images\/icon_check_vinkje.svg\" alt=\"\"><\/td>\n<td>Abgerundete Ecken \u2013 HACCP-Normen<\/td>\n<\/tr>\n<tr>\n<td class=\"features__box\"><img decoding=\"async\" src=\"https:\/\/eshop.plastibac.eu\/images\/icon_check_vinkje.svg\" alt=\"\"><\/td>\n<td>Kein Kontakt mit den H\u00e4nden<\/td>\n<\/tr>\n<tr>\n<td class=\"features__box\"><img decoding=\"async\" src=\"https:\/\/eshop.plastibac.eu\/images\/icon_check_vinkje.svg\" alt=\"\"><\/td>\n<td>Recycelbares Kunststoffmaterial<\/td>\n<\/tr>\n<tr>\n<td class=\"features__box\"><img decoding=\"async\" src=\"https:\/\/eshop.plastibac.eu\/images\/icon_check_vinkje.svg\" alt=\"\"><\/td>\n<td>Idealer Abfalleimer f\u00fcr K\u00fcchen, Hotels, Restaurants, Krankenh\u00e4user, OP-S\u00e4le und Labore<\/td>\n<\/tr>\n<tr>\n<td class=\"features__box\"><img decoding=\"async\" src=\"https:\/\/eshop.plastibac.eu\/images\/icon_check_vinkje.svg\" alt=\"\"><\/td>\n<td>Gewicht: 9,5 kg<\/td>\n<\/tr>\n<tr>\n<td class=\"features__box\"><img decoding=\"async\" src=\"https:\/\/eshop.plastibac.eu\/images\/icon_check_vinkje.svg\" alt=\"\"><\/td>\n<td>Info: 2 R\u00e4der \u00d8 125 mm<\/td>\n<\/tr>\n<tr>\n<td class=\"features__box\"><img decoding=\"async\" src=\"https:\/\/eshop.plastibac.eu\/images\/icon_check_vinkje.svg\" alt=\"\"><\/td>\n<td>Info: Platz f\u00fcr Lufterfrischer<\/td>\n<\/tr>\n<tr>\n<td class=\"features__box\"><img decoding=\"async\" src=\"https:\/\/eshop.plastibac.eu\/images\/icon_check_vinkje.svg\" alt=\"\"><\/td>\n<td><\/td>\n<\/tr>\n<\/tbody>\n<\/table>\n<\/div>\n<\/div>\n<\/div>\n<\/div>\n","protected":false},"excerpt":{"rendered":"<p>Mobiler Treteimer + T\u00fcr. Fassungsverm\u00f6gen 90 l. Mit R\u00e4dern  <\/p>\n","protected":false},"featured_media":26812,"template":"","meta":[],"product_brand":[],"product_cat":[573,572],"product_tag":[],"class_list":{"0":"post-26810","1":"product","2":"type-product","3":"status-publish","4":"has-post-thumbnail","6":"product_cat-kuchenhygiene","7":"product_cat-mulleimer","9":"first","10":"onbackorder","11":"taxable","12":"shipping-taxable","13":"purchasable","14":"product-type-simple"},"acf":[],"_links":{"self":[{"href":"https:\/\/serviclean.be\/de\/wp-json\/wp\/v2\/product\/26810","targetHints":{"allow":["GET"]}}],"collection":[{"href":"https:\/\/serviclean.be\/de\/wp-json\/wp\/v2\/product"}],"about":[{"href":"https:\/\/serviclean.be\/de\/wp-json\/wp\/v2\/types\/product"}],"wp:featuredmedia":[{"embeddable":true,"href":"https:\/\/serviclean.be\/de\/wp-json\/wp\/v2\/media\/26812"}],"wp:attachment":[{"href":"https:\/\/serviclean.be\/de\/wp-json\/wp\/v2\/media?parent=26810"}],"wp:term":[{"taxonomy":"product_brand","embeddable":true,"href":"https:\/\/serviclean.be\/de\/wp-json\/wp\/v2\/product_brand?post=26810"},{"taxonomy":"product_cat","embeddable":true,"href":"https:\/\/serviclean.be\/de\/wp-json\/wp\/v2\/product_cat?post=26810"},{"taxonomy":"product_tag","embeddable":true,"href":"https:\/\/serviclean.be\/de\/wp-json\/wp\/v2\/product_tag?post=26810"}],"curies":[{"name":"wp","href":"https:\/\/api.w.org\/{rel}","templated":true}]}}