{"id":26804,"date":"2020-07-15T20:03:05","date_gmt":"2020-07-15T18:03:05","guid":{"rendered":"https:\/\/serviclean.be\/produit\/tretabfalleimer-mit-deckel-60-l\/"},"modified":"2020-07-15T20:03:05","modified_gmt":"2020-07-15T18:03:05","slug":"tretabfalleimer-mit-deckel-60-l","status":"publish","type":"product","link":"https:\/\/serviclean.be\/de\/produit\/tretabfalleimer-mit-deckel-60-l\/","title":{"rendered":"Tretabfalleimer mit Deckel 60 l"},"content":{"rendered":"<ul>\n<li class=\"bullet-checkmark\">Ergonomische Ausf\u00fchrung, sto\u00dffest<\/li>\n<li class=\"bullet-checkmark\">Deckel \u00f6ffnet bis 90\u00b0<\/li>\n<li class=\"bullet-checkmark\">Wei\u00dfer Deckel<\/li>\n<li class=\"bullet-checkmark\">Beh\u00e4lter immer wei\u00df<\/li>\n<li class=\"bullet-checkmark\">Abgerundete Ecken \u2013 HACCP-konform<\/li>\n<li class=\"bullet-checkmark\">Kein Handkontakt<\/li>\n<li class=\"bullet-checkmark\">Recycelbarer Kunststoff<\/li>\n<\/ul>\n","protected":false},"excerpt":{"rendered":"<p>Idealer Abfalleimer f\u00fcr K\u00fcchen, Hotels, Restaurants, Krankenh\u00e4user, OP-S\u00e4le und Labore.<\/p>\n<p><span style=\"color: #00a859;\"><strong>Art.-Nr.: 11614<\/strong><\/span><\/p>\n","protected":false},"featured_media":26808,"template":"","meta":[],"product_brand":[],"product_cat":[572],"product_tag":[],"class_list":{"0":"post-26804","1":"product","2":"type-product","3":"status-publish","4":"has-post-thumbnail","6":"product_cat-mulleimer","8":"first","9":"instock","10":"taxable","11":"shipping-taxable","12":"purchasable","13":"product-type-simple"},"acf":[],"_links":{"self":[{"href":"https:\/\/serviclean.be\/de\/wp-json\/wp\/v2\/product\/26804","targetHints":{"allow":["GET"]}}],"collection":[{"href":"https:\/\/serviclean.be\/de\/wp-json\/wp\/v2\/product"}],"about":[{"href":"https:\/\/serviclean.be\/de\/wp-json\/wp\/v2\/types\/product"}],"wp:featuredmedia":[{"embeddable":true,"href":"https:\/\/serviclean.be\/de\/wp-json\/wp\/v2\/media\/26808"}],"wp:attachment":[{"href":"https:\/\/serviclean.be\/de\/wp-json\/wp\/v2\/media?parent=26804"}],"wp:term":[{"taxonomy":"product_brand","embeddable":true,"href":"https:\/\/serviclean.be\/de\/wp-json\/wp\/v2\/product_brand?post=26804"},{"taxonomy":"product_cat","embeddable":true,"href":"https:\/\/serviclean.be\/de\/wp-json\/wp\/v2\/product_cat?post=26804"},{"taxonomy":"product_tag","embeddable":true,"href":"https:\/\/serviclean.be\/de\/wp-json\/wp\/v2\/product_tag?post=26804"}],"curies":[{"name":"wp","href":"https:\/\/api.w.org\/{rel}","templated":true}]}}