{"id":28975,"date":"2023-03-16T17:47:31","date_gmt":"2023-03-16T16:47:31","guid":{"rendered":"https:\/\/serviclean.be\/bueroreinigung-bruessel\/"},"modified":"2026-05-03T22:05:38","modified_gmt":"2026-05-03T20:05:38","slug":"bueroreinigung-bruessel","status":"publish","type":"page","link":"https:\/\/serviclean.be\/de\/bueroreinigung-bruessel\/","title":{"rendered":"B\u00fcroreinigung Br\u00fcssel"},"content":{"rendered":"\t<section class=\"section dark\" id=\"section_551204716\">\n\t\t<div class=\"bg section-bg fill bg-fill bg-loaded \" >\n\n\t\t\t\n\t\t\t<div class=\"section-bg-overlay absolute fill\"><\/div>\n\t\t\t\n\t<div class=\"is-border\"\n\t\tstyle=\"border-color:rgb(235, 235, 235);border-width:0px 0px 0px 0px;\">\n\t<\/div>\n\n\t\t<\/div>\n\n\t\t\n\t<div class=\"ux-shape-divider ux-shape-divider--bottom ux-shape-divider--style-waves-opacity-3\">\n\t\t<svg viewBox=\"0 0 1000 300\" xmlns=\"http:\/\/www.w3.org\/2000\/svg\" preserveAspectRatio=\"none\">\n\t<path class=\"ux-shape-fill\" opacity=\"0.05\" d=\"M1014 264V386H206L34 300C34 300 344.42 277.16 436 221C542 156 590 160 704 209C811 255 899.11 214.94 979 346L1014 264Z\"\/>\n\t<path class=\"ux-shape-fill\" opacity=\"0.1\" d=\"M-302 55C-302 55 -66.73 263.25 50 214C178 160 283 116 353 141C445.68 174.1 534.28 256.19 588 249C692.9 235 764.52 75.94 855 131C940.61 183.09 1000 254 1000 254V328L-306 338L-302 55Z\"\/>\n\t<path class=\"ux-shape-fill\" opacity=\"0.15\" d=\"M-286 255C-286 255 -72 152 52 126C176 100 255 155 436 227C581.57 284.91 614.7 277.79 708 227C787 184 1009 3.0001 1093 164C1146 265.63 1031 293 1031 293L924 377L-288 389L-286 255Z\"\/>\n\t<path class=\"ux-shape-fill\" opacity=\"0.3\" d=\"M-24 69C-24 69 275.68 370.66 389 314C397 310 622 316 673 356C690.47 369.7 845 224 890 182C944.8 130.85 1018 92 1078 143C1154.12 207.7 1196 242 1196 242L1184 374L-28 386L-24 69Z\"\/>\n\t<path class=\"ux-shape-fill\" d=\"M-12 201C-12 201 58 284 182 258C306 232 342.29 221.23 456 264C565 305 640.82 288.36 721 249C776 222 837.5 191.31 935 253C984 284 1030 279 1030 279L1024 430L-12 440V201Z\"\/>\n<\/svg>\n\t<\/div>\n\n\t\t<div class=\"section-content relative\">\n\t\t\t\n<div class=\"row align-middle\"  id=\"row-1517822108\">\n\n\t<div id=\"col-1802177951\" class=\"col medium-11 small-12 large-11\"  >\n\t\t\t\t<div class=\"col-inner text-center text-shadow-1\"  >\n\t\t\t\n\t\t\t\n\t<div id=\"text-473215097\" class=\"text\">\n\t\t\n<h1>B\u00fcroreinigung in Br\u00fcssel:<br \/>\nQualit\u00e4tsdienstleistungen f\u00fcr<br \/>\ntadellose R\u00e4umlichkeiten<\/h1>\n\t\t\n<style>\n#text-473215097 {\n  font-size: 1.45rem;\n  text-align: left;\n}\n<\/style>\n\t<\/div>\n\t\n<div class=\"row row-small row-full-width\"  id=\"row-548322636\">\n\n\t<div id=\"col-116664009\" class=\"col small-12 large-12\"  >\n\t\t\t\t<div class=\"col-inner text-center\"  >\n\t\t\t\n\t\t\t\n<a href=\"https:\/\/serviclean.be\/de\/reinigungsangebot\/\" target=\"_self\" class=\"button alert is-larger box-shadow-2 box-shadow-5-hover\"  >\n  <i class=\"icon-checkmark\" ><\/i>  <span>Kostenloses Angebot<\/span>\n  <\/a>\n\n<a href=\"tel:0479670679\" target=\"_self\" class=\"button primary is-larger\"  >\n  <i class=\"icon-phone\" ><\/i>  <span>0479 67 06 79<\/span>\n  <\/a>\n\n\t\t<\/div>\n\t\t\t\t\t<\/div>\n\n\t\n<\/div>\n\t\t<\/div>\n\t\t\t\t\n<style>\n#col-1802177951 > .col-inner {\n  margin: 50px 0px 0px 0px;\n}\n<\/style>\n\t<\/div>\n\n\t\n<\/div>\n\t\t<\/div>\n\n\t\t\n<style>\n#section_551204716 {\n  padding-top: 0px;\n  padding-bottom: 0px;\n  background-color: rgb(145, 221, 90);\n}\n#section_551204716 .section-bg-overlay {\n  background-color: rgba(0, 0, 0, 0.331);\n}\n#section_551204716 .section-bg.bg-loaded {\n  background-image: url(https:\/\/serviclean.be\/wp-content\/uploads\/2023\/03\/Nettoyage-bureaux-Bruxelles.jpg);\n}\n#section_551204716 .section-bg {\n  background-position: 86% 56%;\n}\n#section_551204716 .ux-shape-divider--top svg {\n  height: 150px;\n  --divider-top-width: 100%;\n}\n#section_551204716 .ux-shape-divider--bottom svg {\n  height: 98px;\n  --divider-width: 110%;\n}\n@media (min-width:550px) {\n  #section_551204716 {\n    padding-top: 0px;\n    padding-bottom: 0px;\n  }\n  #section_551204716 .ux-shape-divider--bottom svg {\n    height: 200px;\n    --divider-width: 185%;\n  }\n}\n@media (min-width:850px) {\n  #section_551204716 .ux-shape-divider--bottom svg {\n    height: 124px;\n    --divider-width: 100%;\n  }\n}\n<\/style>\n\t<\/section>\n\t\n<div class=\"row align-center\"  id=\"row-777448014\">\n\n\t<div id=\"col-1217741619\" class=\"col medium-10 small-12 large-10\"  >\n\t\t\t\t<div class=\"col-inner text-left\"  >\n\t\t\t\n\t\t\t\n\t<div id=\"text-2883528680\" class=\"text\">\n\t\t\n<h2 style=\"text-align: center;\">Delegieren Sie die Reinigung Ihrer B\u00fcros<br \/>\nan erfahrene Profis in Br\u00fcssel<\/h2>\n<p>Wenn Sie auf der Suche nach einem professionellen Reinigungsunternehmen in Br\u00fcssel sind, um die Sauberkeit und Hygiene Ihrer B\u00fcros zu gew\u00e4hrleisten, ist unser Reinigungsbetrieb die ideale L\u00f6sung. Wir sind ein vertrauensw\u00fcrdiges, erfahrenes und qualifiziertes Reinigungsunternehmen, das Qualit\u00e4tsdienstleistungen f\u00fcr Unternehmen aller Gr\u00f6\u00dfen und Branchen anbietet.<br \/>\n\t\t\n<style>\n#text-2883528680 {\n  text-align: left;\n}\n<\/style>\n\t<\/div>\n\t\n\t\t<\/div>\n\t\t\t\t\t<\/div>\n\n\t\n<\/div>\n<div class=\"row\"  id=\"row-1019766753\">\n\n\t<div id=\"col-1111668160\" class=\"col medium-6 small-12 large-6\"  >\n\t\t\t\t<div class=\"col-inner\"  >\n\t\t\t\n\t\t\t\n\t<div class=\"box has-hover   has-hover box-push box-text-bottom\" >\n\n\t\t<div class=\"box-image\" >\n\t\t\t\t\t\t<div class=\"\" >\n\t\t\t\t<img decoding=\"async\" width=\"700\" height=\"400\" src=\"https:\/\/serviclean.be\/wp-content\/uploads\/2020\/06\/nettoyage-bureau-sol.jpg\" class=\"attachment- size-\" alt=\"B\u00fcroreinigung Br\u00fcssel\" srcset=\"https:\/\/serviclean.be\/wp-content\/uploads\/2020\/06\/nettoyage-bureau-sol.jpg 700w, https:\/\/serviclean.be\/wp-content\/uploads\/2020\/06\/nettoyage-bureau-sol-300x171.jpg 300w, https:\/\/serviclean.be\/wp-content\/uploads\/2020\/06\/nettoyage-bureau-sol-600x343.jpg 600w\" sizes=\"(max-width: 700px) 100vw, 700px\" \/>\t\t\t\t\t\t\t\t\t\t\t<\/div>\n\t\t\t\t\t<\/div>\n\n\t\t<div class=\"box-text text-left is-large\" style=\"padding:10px 10px 10px 10px;\">\n\t\t\t<div class=\"box-text-inner\">\n\t\t\t\t\n<h2 style=\"text-align: center;\"><span class=\"fancy-underline\">Unsere Dienstleistungen f\u00fcr die B\u00fcroreinigung in Br\u00fcssel<\/span><\/h2>\n<\/p>\n<p>Wir bieten ein umfassendes Spektrum an B\u00fcroreinigungsdiensten in Br\u00fcssel an, um all Ihren Anforderungen gerecht zu werden. Wir sind auf die Bereitstellung professioneller Reinigungsdienstleistungen f\u00fcr Gewerbe- und Industrier\u00e4ume spezialisiert. Hier sind einige unserer beliebtesten Dienstleistungen:  <\/p>\n<ul>\n<li class=\"bullet-checkmark\"><strong>Regelm\u00e4\u00dfige B\u00fcroreinigung:<\/strong><br \/>Wir bieten regelm\u00e4\u00dfige Reinigungsdienste f\u00fcr B\u00fcros an, einschlie\u00dflich Bodenreinigung, Oberfl\u00e4chenentstaubung, Fensterreinigung, Entleeren der M\u00fclleimer, Reinigung von Sanit\u00e4ranlagen und K\u00fcchen und vieles mehr.<\/li>\n<li class=\"bullet-checkmark\"><strong>Teppich- und Teppichbodenreinigung:<\/strong><br \/>Wir sind mit professionellen Reinigungsmaschinen ausgestattet, um Ihre Teppiche und Teppichb\u00f6den effektiv zu reinigen, Flecken und Ger\u00fcche zu entfernen und deren Erscheinungsbild zu verbessern.<\/li>\n<li class=\"bullet-checkmark\"><strong>Reinigung von Glasfl\u00e4chen:<\/strong><br \/>Wir bieten professionelle Fensterreinigungsdienste an, um Fingerabdr\u00fccke, Wasserflecken und Verschmutzungen zu entfernen und Ihre Fenster in strahlender Sauberkeit zu hinterlassen.<\/li>\n<li class=\"bullet-checkmark\"><strong>Bodenreinigung:<\/strong><br \/>Wir reinigen alle Arten von B\u00f6den, einschlie\u00dflich Fliesen, Parkett, Vinyl- und Betonb\u00f6den, unter Verwendung effektiver Reinigungsprodukte, um Schmutz und Flecken zu entfernen.<\/li>\n<li class=\"bullet-checkmark\"><strong>Reinigung der Sanit\u00e4ranlagen:<\/strong><br \/>Wir reinigen und desinfizieren die Sanit\u00e4ranlagen Ihres B\u00fcros, einschlie\u00dflich Toilettenbecken, Waschbecken, Urinale und Armaturen, um eine einwandfreie Hygiene zu gew\u00e4hrleisten.<\/li>\n<\/ul>\n\t\t\t<\/div>\n\t\t<\/div>\n\t<\/div>\n\t\n\t\t<\/div>\n\t\t\t\t\t<\/div>\n\n\t\n\n\t<div id=\"col-1611185009\" class=\"col medium-6 small-12 large-6\"  >\n\t\t\t\t<div class=\"col-inner\"  >\n\t\t\t\n\t\t\t\n\t<div class=\"box has-hover   has-hover box-push box-text-bottom\" >\n\n\t\t<div class=\"box-image\" >\n\t\t\t\t\t\t<div class=\"\" >\n\t\t\t\t<img decoding=\"async\" width=\"700\" height=\"400\" src=\"https:\/\/serviclean.be\/wp-content\/uploads\/2023\/03\/Nettoyage-bureaux.jpg\" class=\"attachment- size-\" alt=\"B\u00fcroreinigung\" srcset=\"https:\/\/serviclean.be\/wp-content\/uploads\/2023\/03\/Nettoyage-bureaux.jpg 700w, https:\/\/serviclean.be\/wp-content\/uploads\/2023\/03\/Nettoyage-bureaux-300x171.jpg 300w, https:\/\/serviclean.be\/wp-content\/uploads\/2023\/03\/Nettoyage-bureaux-600x343.jpg 600w\" sizes=\"(max-width: 700px) 100vw, 700px\" \/>\t\t\t\t\t\t\t\t\t\t\t<\/div>\n\t\t\t\t\t<\/div>\n\n\t\t<div class=\"box-text text-left is-large\" style=\"padding:10px 10px 10px 10px;\">\n\t\t\t<div class=\"box-text-inner\">\n\t\t\t\t\n<h2 style=\"text-align: center;\"><span class=\"fancy-underline\">Stets tadellose B\u00fcros dank unserer Reinigungsdienste<\/span><\/h2>\n<\/p>\n<p>Unser <a href=\"https:\/\/serviclean.be\/de\/reinigungsunternehmen\/\">Reinigungsunternehmen<\/a> f\u00fcr B\u00fcros in Br\u00fcssel ist eine ideale L\u00f6sung f\u00fcr Unternehmen, die die Sauberkeit und Hygiene ihrer R\u00e4umlichkeiten sicherstellen m\u00f6chten. Wir bieten ein umfassendes Sortiment an professionellen B\u00fcroreinigungsdiensten f\u00fcr jeden Bedarf, von der regelm\u00e4\u00dfigen B\u00fcroreinigung bis zur Desinfektion von Sanit\u00e4ranlagen. <\/p>\n<\/p>\n<p>Wir stehen f\u00fcr punktuelle Eins\u00e4tze oder regelm\u00e4\u00dfige Reinigungsdienste zur Verf\u00fcgung, ganz nach den Bed\u00fcrfnissen Ihres Unternehmens. Wir sind ein zuverl\u00e4ssiges, erfahrenes und qualifiziertes Reinigungsunternehmen, das professionelle Ausr\u00fcstung und effektive Reinigungsprodukte einsetzt, um tadellose Ergebnisse zu garantieren. <\/p>\n<\/p>\n<p>Wir sind uns bewusst, dass Sauberkeit f\u00fcr das Wohlbefinden Ihrer Mitarbeiter und das Image Ihres Unternehmens von entscheidender Bedeutung ist. Deshalb verpflichten wir uns, Qualit\u00e4tsdienstleistungen zu erbringen, um die Zufriedenheit unserer Kunden zu gew\u00e4hrleisten. Wir arbeiten eng mit unseren Kunden zusammen, um deren Bed\u00fcrfnisse zu verstehen und ma\u00dfgeschneiderte L\u00f6sungen anzubieten.  <\/p>\n<\/p>\n<p>Wir sind ein umweltbewusstes Unternehmen, das \u00f6kologische Reinigungsprodukte und umweltfreundliche Techniken einsetzt, um unsere Auswirkungen auf den Planeten zu reduzieren. Zudem sind wir ein sicherheitsbewusstes Unternehmen, das die Gesundheits- und Sicherheitsstandards am Arbeitsplatz einh\u00e4lt, um die Sicherheit unserer Mitarbeiter und Kunden zu gew\u00e4hrleisten. <\/p>\n\t\t\t<\/div>\n\t\t<\/div>\n\t<\/div>\n\t\n\t\t<\/div>\n\t\t\t\t\t<\/div>\n\n\t\n<\/div>\n<div class=\"row\"  id=\"row-1098266635\">\n\n\t<div id=\"col-338787542\" class=\"col small-12 large-12\"  >\n\t\t\t\t<div class=\"col-inner text-center\"  >\n\t\t\t\n\t\t\t\n<h2 style=\"text-align: center;\">M\u00f6chten Sie ein Angebot f\u00fcr eine der Dienstleistungen<br \/>unseres Reinigungsunternehmens erhalten?<\/h2>\n<p style=\"text-align: left;\">Z\u00f6gern Sie nicht, ein kostenloses und unverbindliches Angebot anzufordern, wenn Sie weitere Informationen zu den Preisen der verschiedenen Dienstleistungen unserer <strong>Reinigungsgesellschaft<\/strong> w\u00fcnschen. Sie erhalten innerhalb von 24 Stunden eine Antwort von uns.<\/p>\n<a href=\"https:\/\/serviclean.be\/de\/reinigungsangebot\/\" target=\"_self\" class=\"button primary is-primary is-large\"  >\n  <i class=\"icon-checkmark\" ><\/i>  <span>Kostenloses Angebot<\/span>\n  <\/a>\n\n\t\t<\/div>\n\t\t\t\t\n<style>\n#col-338787542 > .col-inner {\n  padding: 20px 20px 0px 20px;\n  border-radius: 10px;\n}\n<\/style>\n\t<\/div>\n\n\t\n\n<style>\n#row-1098266635 > .col > .col-inner {\n  background-color: rgb(245, 245, 245);\n}\n<\/style>\n<\/div>\n<div class=\"row\"  id=\"row-727810469\">\n\n\t<div id=\"col-1263793793\" class=\"col small-12 large-12\"  >\n\t\t\t\t<div class=\"col-inner\"  >\n\t\t\t\n\t\t\t\n<h2 style=\"text-align: center;\">Profitieren Sie von unseren Reinigungsdiensten in<br \/>den 19 Gemeinden von Br\u00fcssel<\/h2>\n<p>F\u00fcr all Ihre Reinigungsbed\u00fcrfnisse k\u00f6nnen Sie auf unser professionelles Team z\u00e4hlen, das Ihnen den tadellosen und personalisierten Service bietet, den Sie verdienen. Unsere Expertenteams werden alles daran setzen, Ihre Erwartungen zu erf\u00fcllen. Wir bieten eine Vielzahl verschiedener Dienstleistungen an in:  <\/p>\n\t\t<\/div>\n\t\t\t\t\t<\/div>\n\n\t\n<\/div>\n<div class=\"row row-collapse row-dashed\"  id=\"row-292273989\">\n\n\t<div id=\"col-1444050031\" class=\"col medium-4 small-12 large-4\"  >\n\t\t\t\t<div class=\"col-inner\"  >\n\t\t\t\n\t\t\t\n<ul>\n<li class=\"bullet-checkmark\">Anderlecht<\/li>\n<li class=\"bullet-checkmark\">Auderghem<\/li>\n<li class=\"bullet-checkmark\">Berchem-Sainte-Agathe<\/li>\n<li class=\"bullet-checkmark\">Br\u00fcssel-Stadt<\/li>\n<li class=\"bullet-checkmark\">Etterbeek<\/li>\n<li class=\"bullet-checkmark\">Evere<\/li>\n<li class=\"bullet-checkmark\">Forest<\/li>\n<\/ul>\n\t\t<\/div>\n\t\t\t\t\t<\/div>\n\n\t\n\n\t<div id=\"col-313642942\" class=\"col medium-4 small-12 large-4\"  >\n\t\t\t\t<div class=\"col-inner\"  >\n\t\t\t\n\t\t\t\n<ul>\n<li class=\"bullet-checkmark\">Koekelberg<\/li>\n<li class=\"bullet-checkmark\">Molenbeek-Saint-Jean<\/li>\n<li class=\"bullet-checkmark\">Saint-Gilles<\/li>\n<li class=\"bullet-checkmark\">Saint-Josse-ten-Noode<\/li>\n<li class=\"bullet-checkmark\">Schaerbeek<\/li>\n<li class=\"bullet-checkmark\">Uccle<\/li>\n<\/ul>\n\t\t<\/div>\n\t\t\t\t\t<\/div>\n\n\t\n\n\t<div id=\"col-545764178\" class=\"col medium-4 small-12 large-4\"  >\n\t\t\t\t<div class=\"col-inner\"  >\n\t\t\t\n\t\t\t\n<ul>\n<li class=\"bullet-checkmark\">Ganshoren<\/li>\n<li class=\"bullet-checkmark\">Ixelles<\/li>\n<li class=\"bullet-checkmark\">Jette<\/li>\n<li class=\"bullet-checkmark\">Watermael-Boitsfort<\/li>\n<li class=\"bullet-checkmark\">Woluwe-Saint-Lambert<\/li>\n<li class=\"bullet-checkmark\">Woluwe-Saint-Pierre<\/li>\n<\/ul>\n\t\t<\/div>\n\t\t\t\t\t<\/div>\n\n\t\n<\/div>\n","protected":false},"excerpt":{"rendered":"","protected":false},"author":1,"featured_media":0,"parent":0,"menu_order":0,"comment_status":"closed","ping_status":"closed","template":"page-blank.php","meta":{"footnotes":""},"class_list":["post-28975","page","type-page","status-publish","hentry"],"acf":[],"_links":{"self":[{"href":"https:\/\/serviclean.be\/de\/wp-json\/wp\/v2\/pages\/28975","targetHints":{"allow":["GET"]}}],"collection":[{"href":"https:\/\/serviclean.be\/de\/wp-json\/wp\/v2\/pages"}],"about":[{"href":"https:\/\/serviclean.be\/de\/wp-json\/wp\/v2\/types\/page"}],"author":[{"embeddable":true,"href":"https:\/\/serviclean.be\/de\/wp-json\/wp\/v2\/users\/1"}],"replies":[{"embeddable":true,"href":"https:\/\/serviclean.be\/de\/wp-json\/wp\/v2\/comments?post=28975"}],"version-history":[{"count":3,"href":"https:\/\/serviclean.be\/de\/wp-json\/wp\/v2\/pages\/28975\/revisions"}],"predecessor-version":[{"id":29023,"href":"https:\/\/serviclean.be\/de\/wp-json\/wp\/v2\/pages\/28975\/revisions\/29023"}],"wp:attachment":[{"href":"https:\/\/serviclean.be\/de\/wp-json\/wp\/v2\/media?parent=28975"}],"curies":[{"name":"wp","href":"https:\/\/api.w.org\/{rel}","templated":true}]}}