{"id":28507,"date":"2023-03-14T17:28:54","date_gmt":"2023-03-14T16:28:54","guid":{"rendered":"https:\/\/serviclean.be\/reinigungsunternehmen-nach-bauarbeiten-nach-bauabschluss-und-vor-nach-einem-umzug\/"},"modified":"2026-05-03T21:43:53","modified_gmt":"2026-05-03T19:43:53","slug":"reinigungsunternehmen-nach-bauarbeiten-nach-bauabschluss-und-vor-nach-einem-umzug","status":"publish","type":"page","link":"https:\/\/serviclean.be\/de\/reinigungsunternehmen-nach-bauarbeiten-nach-bauabschluss-und-vor-nach-einem-umzug\/","title":{"rendered":"Reinigungsunternehmen nach Bauarbeiten, nach Bauabschluss und vor\/nach einem Umzug"},"content":{"rendered":"\t<section class=\"section dark\" id=\"section_1383755784\">\n\t\t<div class=\"bg section-bg fill bg-fill bg-loaded \" >\n\n\t\t\t\n\t\t\t<div class=\"section-bg-overlay absolute fill\"><\/div>\n\t\t\t\n\t<div class=\"is-border\"\n\t\tstyle=\"border-color:rgb(235, 235, 235);border-width:0px 0px 0px 0px;\">\n\t<\/div>\n\n\t\t<\/div>\n\n\t\t\n\t<div class=\"ux-shape-divider ux-shape-divider--bottom ux-shape-divider--style-waves-opacity-3\">\n\t\t<svg viewBox=\"0 0 1000 300\" xmlns=\"http:\/\/www.w3.org\/2000\/svg\" preserveAspectRatio=\"none\">\n\t<path class=\"ux-shape-fill\" opacity=\"0.05\" d=\"M1014 264V386H206L34 300C34 300 344.42 277.16 436 221C542 156 590 160 704 209C811 255 899.11 214.94 979 346L1014 264Z\"\/>\n\t<path class=\"ux-shape-fill\" opacity=\"0.1\" d=\"M-302 55C-302 55 -66.73 263.25 50 214C178 160 283 116 353 141C445.68 174.1 534.28 256.19 588 249C692.9 235 764.52 75.94 855 131C940.61 183.09 1000 254 1000 254V328L-306 338L-302 55Z\"\/>\n\t<path class=\"ux-shape-fill\" opacity=\"0.15\" d=\"M-286 255C-286 255 -72 152 52 126C176 100 255 155 436 227C581.57 284.91 614.7 277.79 708 227C787 184 1009 3.0001 1093 164C1146 265.63 1031 293 1031 293L924 377L-288 389L-286 255Z\"\/>\n\t<path class=\"ux-shape-fill\" opacity=\"0.3\" d=\"M-24 69C-24 69 275.68 370.66 389 314C397 310 622 316 673 356C690.47 369.7 845 224 890 182C944.8 130.85 1018 92 1078 143C1154.12 207.7 1196 242 1196 242L1184 374L-28 386L-24 69Z\"\/>\n\t<path class=\"ux-shape-fill\" d=\"M-12 201C-12 201 58 284 182 258C306 232 342.29 221.23 456 264C565 305 640.82 288.36 721 249C776 222 837.5 191.31 935 253C984 284 1030 279 1030 279L1024 430L-12 440V201Z\"\/>\n<\/svg>\n\t<\/div>\n\n\t\t<div class=\"section-content relative\">\n\t\t\t\n<div class=\"row align-middle\"  id=\"row-672950258\">\n\n\t<div id=\"col-1505936016\" class=\"col medium-11 small-12 large-11\"  >\n\t\t\t\t<div class=\"col-inner text-center text-shadow-1\"  >\n\t\t\t\n\t\t\t\n\t<div id=\"text-1450946210\" class=\"text\">\n\t\t\n<h1>Endreinigung nach Bauarbeiten,<br \/>\nvor\/nach einem Umzug<\/h1>\n\t\t\n<style>\n#text-1450946210 {\n  font-size: 1.45rem;\n  text-align: left;\n}\n<\/style>\n\t<\/div>\n\t\n<div class=\"row row-small row-full-width\"  id=\"row-1034771381\">\n\n\t<div id=\"col-1370628837\" class=\"col small-12 large-12\"  >\n\t\t\t\t<div class=\"col-inner text-center\"  >\n\t\t\t\n\t\t\t\n<a href=\"https:\/\/serviclean.be\/de\/reinigungsangebot\/\" target=\"_self\" class=\"button alert is-larger box-shadow-2 box-shadow-5-hover\"  >\n  <i class=\"icon-checkmark\" ><\/i>  <span>Kostenloses Angebot<\/span>\n  <\/a>\n\n<a href=\"tel:0479670679\" target=\"_self\" class=\"button primary is-larger\"  >\n  <i class=\"icon-phone\" ><\/i>  <span>0479 67 06 79<\/span>\n  <\/a>\n\n\t\t<\/div>\n\t\t\t\t\t<\/div>\n\n\t\n<\/div>\n\t\t<\/div>\n\t\t\t\t\n<style>\n#col-1505936016 > .col-inner {\n  margin: 50px 0px 0px 0px;\n}\n<\/style>\n\t<\/div>\n\n\t\n<\/div>\n\t\t<\/div>\n\n\t\t\n<style>\n#section_1383755784 {\n  padding-top: 0px;\n  padding-bottom: 0px;\n  min-height: 325px;\n  background-color: rgb(145, 221, 90);\n}\n#section_1383755784 .section-bg-overlay {\n  background-color: rgba(0, 0, 0, 0.308);\n}\n#section_1383755784 .section-bg.bg-loaded {\n  background-image: url(https:\/\/serviclean.be\/wp-content\/uploads\/2020\/07\/nettoyage-fin-chantier-apres-travaux.jpg);\n}\n#section_1383755784 .section-bg {\n  background-position: 45% 65%;\n}\n#section_1383755784 .ux-shape-divider--top svg {\n  height: 150px;\n  --divider-top-width: 100%;\n}\n#section_1383755784 .ux-shape-divider--bottom svg {\n  height: 98px;\n  --divider-width: 110%;\n}\n@media (min-width:550px) {\n  #section_1383755784 {\n    padding-top: 0px;\n    padding-bottom: 0px;\n  }\n  #section_1383755784 .ux-shape-divider--bottom svg {\n    height: 200px;\n    --divider-width: 185%;\n  }\n}\n@media (min-width:850px) {\n  #section_1383755784 .ux-shape-divider--bottom svg {\n    height: 124px;\n    --divider-width: 100%;\n  }\n}\n<\/style>\n\t<\/section>\n\t\n<div class=\"row align-center\"  id=\"row-1262459269\">\n\n\t<div id=\"col-455570965\" class=\"col medium-10 small-12 large-10\"  >\n\t\t\t\t<div class=\"col-inner text-left\"  >\n\t\t\t\n\t\t\t\n\t<div id=\"text-2549798284\" class=\"text\">\n\t\t\n<h2 style=\"text-align: center;\">Vertrauen Sie die Reinigung Ihrer Baustelle<br \/>\noder Ihres Umzugs unserem erfahrenen Team an<\/h2>\n<p>Wenn Sie Bau- oder Renovierungsarbeiten durchf\u00fchren, ist es unvermeidlich, dass Sie sich mit einer gro\u00dfen Menge an Staub, Schmutz und Schutt konfrontiert sehen. Sobald die Arbeiten abgeschlossen sind, ist es wichtig, eine gr\u00fcndliche Reinigung durchzuf\u00fchren, um alle Abf\u00e4lle zu beseitigen und den Raum bewohnbar zu machen. Bei Servi-Clean bieten wir professionelle Reinigungsdienstleistungen nach Bauarbeiten, nach Bauabschluss und vor\/nach einem Umzug an, um Ihnen zu helfen, die besten Ergebnisse zu erzielen.<br \/>\n\t\t\n<style>\n#text-2549798284 {\n  text-align: left;\n}\n<\/style>\n\t<\/div>\n\t\n\t\t<\/div>\n\t\t\t\t\t<\/div>\n\n\t\n<\/div>\n<div class=\"row\"  id=\"row-2135344597\">\n\n\t<div id=\"col-1363393135\" class=\"col medium-6 small-12 large-6\"  >\n\t\t\t\t<div class=\"col-inner\"  >\n\t\t\t\n\t\t\t\n\t<div class=\"box has-hover   has-hover box-push box-text-bottom\" >\n\n\t\t<div class=\"box-image\" >\n\t\t\t\t\t\t<div class=\"\" >\n\t\t\t\t<img decoding=\"async\" width=\"700\" height=\"400\" src=\"https:\/\/serviclean.be\/wp-content\/uploads\/2023\/03\/nettoyage-fin-chantier.jpg\" class=\"attachment- size-\" alt=\"nettoyage fin chantier\" srcset=\"https:\/\/serviclean.be\/wp-content\/uploads\/2023\/03\/nettoyage-fin-chantier.jpg 700w, https:\/\/serviclean.be\/wp-content\/uploads\/2023\/03\/nettoyage-fin-chantier-300x171.jpg 300w, https:\/\/serviclean.be\/wp-content\/uploads\/2023\/03\/nettoyage-fin-chantier-600x343.jpg 600w\" sizes=\"(max-width: 700px) 100vw, 700px\" \/>\t\t\t\t\t\t\t\t\t\t\t<\/div>\n\t\t\t\t\t<\/div>\n\n\t\t<div class=\"box-text text-left is-large\" style=\"padding:10px 10px 10px 10px;\">\n\t\t\t<div class=\"box-text-inner\">\n\t\t\t\t\n<h2 style=\"text-align: center;\"><span class=\"fancy-underline\">Reinigung nach Bauarbeiten und Bauabschluss<\/span><\/h2>\n<p>Die Reinigung nach Bauarbeiten und Bauabschluss ist eine komplexe Aufgabe, die besondere Fachkenntnisse und Kompetenzen erfordert. Unsere Fachleute sind geschult, um alle Arten von Abf\u00e4llen effizient zu reinigen, einschlie\u00dflich Farb-, Zement- und Putzr\u00fcckst\u00e4nde, Bauschutt, Staub und Schmutz. <\/p>\n<p>Wir verwenden hochwertige Reinigungsprodukte und -ger\u00e4te, um sicherzustellen, dass Ihr Raum frei von jeglichem Schutt ist und alle Oberfl\u00e4chen sauber und desinfiziert sind. Wir verf\u00fcgen auch \u00fcber das erforderliche Wissen und die Erfahrung, um schwer zug\u00e4ngliche Bereiche wie Ecken, Decken und W\u00e4nde zu reinigen.<\/p>\n\t\t\t<\/div>\n\t\t<\/div>\n\t<\/div>\n\t\n\t\t<\/div>\n\t\t\t\t\t<\/div>\n\n\t\n\n\t<div id=\"col-2037473947\" class=\"col medium-6 small-12 large-6\"  >\n\t\t\t\t<div class=\"col-inner\"  >\n\t\t\t\n\t\t\t\n\t<div class=\"box has-hover   has-hover box-push box-text-bottom\" >\n\n\t\t<div class=\"box-image\" >\n\t\t\t\t\t\t<div class=\"\" >\n\t\t\t\t<img decoding=\"async\" width=\"700\" height=\"400\" src=\"https:\/\/serviclean.be\/wp-content\/uploads\/2023\/03\/nettoyage-apres-demenagement-2.jpg\" class=\"attachment- size-\" alt=\"nettoyage apres demenagement 2\" srcset=\"https:\/\/serviclean.be\/wp-content\/uploads\/2023\/03\/nettoyage-apres-demenagement-2.jpg 700w, https:\/\/serviclean.be\/wp-content\/uploads\/2023\/03\/nettoyage-apres-demenagement-2-300x171.jpg 300w, https:\/\/serviclean.be\/wp-content\/uploads\/2023\/03\/nettoyage-apres-demenagement-2-600x343.jpg 600w\" sizes=\"(max-width: 700px) 100vw, 700px\" \/>\t\t\t\t\t\t\t\t\t\t\t<\/div>\n\t\t\t\t\t<\/div>\n\n\t\t<div class=\"box-text text-left is-large\" style=\"padding:10px 10px 10px 10px;\">\n\t\t\t<div class=\"box-text-inner\">\n\t\t\t\t\n<h2 style=\"text-align: center;\"><span class=\"fancy-underline\">Reinigung vor und nach einem Umzug<\/span><\/h2>\n<p>Ein Umzug ist eine stressige Zeit, und das Letzte, was Sie tun m\u00f6chten, ist Ihr altes Haus oder Ihre neue Wohnung zu reinigen. Bei Servi-Clean bieten wir <a href=\"https:\/\/serviclean.be\/de\/reinigungsunternehmen\/\">Reinigungsdienstleistungen<\/a> vor und nach einem Umzug an, um Ihnen zu helfen, sich auf die wichtigsten Aspekte Ihres Umzugs zu konzentrieren. <\/p>\n<p>Unser professionelles Reinigungsteam k\u00fcmmert sich um alles, von Flecken auf dem Boden \u00fcber Spuren an den W\u00e4nden bis hin zur Reinigung von M\u00f6beln und Haushaltsger\u00e4ten. Wir stellen auch sicher, dass alle R\u00e4ume vor Ihrer Ankunft ordnungsgem\u00e4\u00df gereinigt und desinfiziert werden, um Ihnen eine saubere und gesunde Umgebung zu bieten.<\/p>\n\t\t\t<\/div>\n\t\t<\/div>\n\t<\/div>\n\t\n\t\t<\/div>\n\t\t\t\t\t<\/div>\n\n\t\n<\/div>\n<div class=\"row\"  id=\"row-1996920653\">\n\n\t<div id=\"col-656792551\" class=\"col small-12 large-12\"  >\n\t\t\t\t<div class=\"col-inner text-center\"  >\n\t\t\t\n\t\t\t\n<h2 style=\"text-align: center;\">Sie m\u00f6chten ein Angebot f\u00fcr eine der Dienstleistungen<br \/>\nunseres Reinigungsunternehmens erhalten?<\/h2>\n<p style=\"text-align: left;\">Z\u00f6gern Sie nicht, ein kostenloses und unverbindliches Angebot anzufordern, wenn Sie weitere Informationen \u00fcber die Preise f\u00fcr die verschiedenen Dienstleistungen unseres <strong>Reinigungsunternehmens<\/strong> w\u00fcnschen. Sie erhalten innerhalb von 24 Stunden eine Antwort von uns.<\/p>\n<a href=\"https:\/\/serviclean.be\/de\/reinigungsangebot\/\" target=\"_self\" class=\"button primary is-primary is-large\"  >\n  <i class=\"icon-checkmark\" ><\/i>  <span>Kostenloses Angebot<\/span>\n  <\/a>\n\n\t\t<\/div>\n\t\t\t\t\n<style>\n#col-656792551 > .col-inner {\n  padding: 20px 20px 0px 20px;\n  border-radius: 10px;\n}\n<\/style>\n\t<\/div>\n\n\t\n\n<style>\n#row-1996920653 > .col > .col-inner {\n  background-color: rgb(245, 245, 245);\n}\n<\/style>\n<\/div>\n<div class=\"row\"  id=\"row-1931822157\">\n\n\t<div id=\"col-804374751\" class=\"col small-12 large-12\"  >\n\t\t\t\t<div class=\"col-inner\"  >\n\t\t\t\n\t\t\t\n<p>Bei Servi-Clean sind wir stolz darauf, professionelle Reinigungsdienstleistungen nach Bauarbeiten, nach Bauabschluss und vor\/nach einem Umzug anzubieten. Unsere geschulten und erfahrenen Fachleute verwenden die neuesten Technologien und die besten Produkte, um sicherzustellen, dass jeder Raum perfekt gereinigt wird. Kontaktieren Sie uns noch heute, um zu erfahren, wie wir Ihnen helfen k\u00f6nnen, Ihren Raum sauber und komfortabel zu machen.<\/p>\n\t\t<\/div>\n\t\t\t\t\t<\/div>\n\n\t\n<\/div>\n<div class=\"row\"  id=\"row-327672742\">\n\n\t<div id=\"col-966674653\" class=\"col small-12 large-12\"  >\n\t\t\t\t<div class=\"col-inner\"  >\n\t\t\t\n\t\t\t\n<h2 style=\"text-align: center;\">Profitieren Sie von unseren Reinigungsdienstleistungen in<br \/>\nden 19 Gemeinden Br\u00fcssels<\/h2>\n<p>F\u00fcr alle Ihre Reinigungsbed\u00fcrfnisse k\u00f6nnen Sie auf unser professionelles Team z\u00e4hlen, um Ihnen den tadellosen und pers\u00f6nlichen Service zu bieten, den Sie verdienen. Unsere Teams von Fachleuten werden alles daran setzen, Ihre Erwartungen zu erf\u00fcllen. Wir bieten eine Vielzahl verschiedener Dienstleistungen in:<\/p>\n\t\t<\/div>\n\t\t\t\t\t<\/div>\n\n\t\n<\/div>\n<div class=\"row row-collapse row-dashed\"  id=\"row-50529085\">\n\n\t<div id=\"col-711651766\" class=\"col medium-4 small-12 large-4\"  >\n\t\t\t\t<div class=\"col-inner\"  >\n\t\t\t\n\t\t\t\n<ul>\n<li class=\"bullet-checkmark\">Anderlecht<\/li>\n<li class=\"bullet-checkmark\">Auderghem<\/li>\n<li class=\"bullet-checkmark\">Berchem-Sainte-Agathe<\/li>\n<li class=\"bullet-checkmark\">Br\u00fcssel-Stadt<\/li>\n<li class=\"bullet-checkmark\">Etterbeek<\/li>\n<li class=\"bullet-checkmark\">Evere<\/li>\n<li class=\"bullet-checkmark\">Forest<\/li>\n<\/ul>\n\t\t<\/div>\n\t\t\t\t\t<\/div>\n\n\t\n\n\t<div id=\"col-421414434\" class=\"col medium-4 small-12 large-4\"  >\n\t\t\t\t<div class=\"col-inner\"  >\n\t\t\t\n\t\t\t\n<ul>\n<li class=\"bullet-checkmark\">Koekelberg<\/li>\n<li class=\"bullet-checkmark\">Molenbeek-Saint-Jean<\/li>\n<li class=\"bullet-checkmark\">Saint-Gilles<\/li>\n<li class=\"bullet-checkmark\">Saint-Josse-ten-Noode<\/li>\n<li class=\"bullet-checkmark\">Schaerbeek<\/li>\n<li class=\"bullet-checkmark\">Uccle<\/li>\n<\/ul>\n\t\t<\/div>\n\t\t\t\t\t<\/div>\n\n\t\n\n\t<div id=\"col-911117762\" class=\"col medium-4 small-12 large-4\"  >\n\t\t\t\t<div class=\"col-inner\"  >\n\t\t\t\n\t\t\t\n<ul>\n<li class=\"bullet-checkmark\">Ganshoren<\/li>\n<li class=\"bullet-checkmark\">Ixelles<\/li>\n<li class=\"bullet-checkmark\">Jette<\/li>\n<li class=\"bullet-checkmark\">Watermael-Boitsfort<\/li>\n<li class=\"bullet-checkmark\">Woluwe-Saint-Lambert<\/li>\n<li class=\"bullet-checkmark\">Woluwe-Saint-Pierre<\/li>\n<\/ul>\n\t\t<\/div>\n\t\t\t\t\t<\/div>\n\n\t\n<\/div>\n","protected":false},"excerpt":{"rendered":"","protected":false},"author":1,"featured_media":0,"parent":0,"menu_order":0,"comment_status":"closed","ping_status":"closed","template":"page-blank.php","meta":{"footnotes":""},"class_list":["post-28507","page","type-page","status-publish","hentry"],"acf":[],"_links":{"self":[{"href":"https:\/\/serviclean.be\/de\/wp-json\/wp\/v2\/pages\/28507","targetHints":{"allow":["GET"]}}],"collection":[{"href":"https:\/\/serviclean.be\/de\/wp-json\/wp\/v2\/pages"}],"about":[{"href":"https:\/\/serviclean.be\/de\/wp-json\/wp\/v2\/types\/page"}],"author":[{"embeddable":true,"href":"https:\/\/serviclean.be\/de\/wp-json\/wp\/v2\/users\/1"}],"replies":[{"embeddable":true,"href":"https:\/\/serviclean.be\/de\/wp-json\/wp\/v2\/comments?post=28507"}],"version-history":[{"count":2,"href":"https:\/\/serviclean.be\/de\/wp-json\/wp\/v2\/pages\/28507\/revisions"}],"predecessor-version":[{"id":28514,"href":"https:\/\/serviclean.be\/de\/wp-json\/wp\/v2\/pages\/28507\/revisions\/28514"}],"wp:attachment":[{"href":"https:\/\/serviclean.be\/de\/wp-json\/wp\/v2\/media?parent=28507"}],"curies":[{"name":"wp","href":"https:\/\/api.w.org\/{rel}","templated":true}]}}