{"id":28350,"date":"2023-03-19T00:21:40","date_gmt":"2023-03-18T23:21:40","guid":{"rendered":"https:\/\/serviclean.be\/reinigungsunternehmen-fuer-restaurants-cafes-und-bars\/"},"modified":"2026-05-03T21:41:34","modified_gmt":"2026-05-03T19:41:34","slug":"reinigungsunternehmen-fuer-restaurants-cafes-und-bars","status":"publish","type":"page","link":"https:\/\/serviclean.be\/de\/reinigungsunternehmen-fuer-restaurants-cafes-und-bars\/","title":{"rendered":"Reinigungsunternehmen f\u00fcr Restaurants, Caf\u00e9s und Bars"},"content":{"rendered":"\t<section class=\"section dark\" id=\"section_1225516349\">\n\t\t<div class=\"bg section-bg fill bg-fill bg-loaded \" >\n\n\t\t\t\n\t\t\t<div class=\"section-bg-overlay absolute fill\"><\/div>\n\t\t\t\n\t<div class=\"is-border\"\n\t\tstyle=\"border-color:rgb(235, 235, 235);border-width:0px 0px 0px 0px;\">\n\t<\/div>\n\n\t\t<\/div>\n\n\t\t\n\t<div class=\"ux-shape-divider ux-shape-divider--bottom ux-shape-divider--style-waves-opacity-3\">\n\t\t<svg viewBox=\"0 0 1000 300\" xmlns=\"http:\/\/www.w3.org\/2000\/svg\" preserveAspectRatio=\"none\">\n\t<path class=\"ux-shape-fill\" opacity=\"0.05\" d=\"M1014 264V386H206L34 300C34 300 344.42 277.16 436 221C542 156 590 160 704 209C811 255 899.11 214.94 979 346L1014 264Z\"\/>\n\t<path class=\"ux-shape-fill\" opacity=\"0.1\" d=\"M-302 55C-302 55 -66.73 263.25 50 214C178 160 283 116 353 141C445.68 174.1 534.28 256.19 588 249C692.9 235 764.52 75.94 855 131C940.61 183.09 1000 254 1000 254V328L-306 338L-302 55Z\"\/>\n\t<path class=\"ux-shape-fill\" opacity=\"0.15\" d=\"M-286 255C-286 255 -72 152 52 126C176 100 255 155 436 227C581.57 284.91 614.7 277.79 708 227C787 184 1009 3.0001 1093 164C1146 265.63 1031 293 1031 293L924 377L-288 389L-286 255Z\"\/>\n\t<path class=\"ux-shape-fill\" opacity=\"0.3\" d=\"M-24 69C-24 69 275.68 370.66 389 314C397 310 622 316 673 356C690.47 369.7 845 224 890 182C944.8 130.85 1018 92 1078 143C1154.12 207.7 1196 242 1196 242L1184 374L-28 386L-24 69Z\"\/>\n\t<path class=\"ux-shape-fill\" d=\"M-12 201C-12 201 58 284 182 258C306 232 342.29 221.23 456 264C565 305 640.82 288.36 721 249C776 222 837.5 191.31 935 253C984 284 1030 279 1030 279L1024 430L-12 440V201Z\"\/>\n<\/svg>\n\t<\/div>\n\n\t\t<div class=\"section-content relative\">\n\t\t\t\n<div class=\"row align-middle\"  id=\"row-2076262194\">\n\n\t<div id=\"col-1611368704\" class=\"col medium-11 small-12 large-11\"  >\n\t\t\t\t<div class=\"col-inner text-center text-shadow-1\"  >\n\t\t\t\n\t\t\t\n\t<div id=\"text-1043071919\" class=\"text\">\n\t\t\n<h1>Reinigung von Restaurants,<br \/>\nCaf\u00e9s, Bars und K\u00fcchen<br \/>\nin Br\u00fcssel<\/h1>\n\t\t\n<style>\n#text-1043071919 {\n  font-size: 1.45rem;\n  text-align: left;\n}\n<\/style>\n\t<\/div>\n\t\n<div class=\"row row-small row-full-width\"  id=\"row-910068988\">\n\n\t<div id=\"col-1668678916\" class=\"col small-12 large-12\"  >\n\t\t\t\t<div class=\"col-inner text-center\"  >\n\t\t\t\n\t\t\t\n<a href=\"https:\/\/serviclean.be\/de\/reinigungsangebot\/\" target=\"_self\" class=\"button alert is-larger box-shadow-2 box-shadow-5-hover\"  >\n  <i class=\"icon-checkmark\" ><\/i>  <span>Kostenloses Angebot<\/span>\n  <\/a>\n\n<a href=\"tel:0479670679\" target=\"_self\" class=\"button primary is-larger\"  >\n  <i class=\"icon-phone\" ><\/i>  <span>0479 67 06 79<\/span>\n  <\/a>\n\n\t\t<\/div>\n\t\t\t\t\t<\/div>\n\n\t\n<\/div>\n\t\t<\/div>\n\t\t\t\t\n<style>\n#col-1611368704 > .col-inner {\n  margin: 50px 0px 0px 0px;\n}\n<\/style>\n\t<\/div>\n\n\t\n<\/div>\n\t\t<\/div>\n\n\t\t\n<style>\n#section_1225516349 {\n  padding-top: 0px;\n  padding-bottom: 0px;\n  background-color: rgb(145, 221, 90);\n}\n#section_1225516349 .section-bg-overlay {\n  background-color: rgba(0, 0, 0, 0.267);\n}\n#section_1225516349 .section-bg.bg-loaded {\n  background-image: url(https:\/\/serviclean.be\/wp-content\/uploads\/2023\/03\/Nettoyage-Restaurant-cafe-bar.jpg);\n}\n#section_1225516349 .section-bg {\n  background-position: 43% 100%;\n}\n#section_1225516349 .ux-shape-divider--top svg {\n  height: 150px;\n  --divider-top-width: 100%;\n}\n#section_1225516349 .ux-shape-divider--bottom svg {\n  height: 98px;\n  --divider-width: 110%;\n}\n@media (min-width:550px) {\n  #section_1225516349 {\n    padding-top: 0px;\n    padding-bottom: 0px;\n  }\n  #section_1225516349 .ux-shape-divider--bottom svg {\n    height: 200px;\n    --divider-width: 185%;\n  }\n}\n@media (min-width:850px) {\n  #section_1225516349 .ux-shape-divider--bottom svg {\n    height: 124px;\n    --divider-width: 100%;\n  }\n}\n<\/style>\n\t<\/section>\n\t\n<div class=\"row align-center\"  id=\"row-39390516\">\n\n\t<div id=\"col-241800705\" class=\"col medium-10 small-12 large-10\"  >\n\t\t\t\t<div class=\"col-inner text-left\"  >\n\t\t\t\n\t\t\t\n\t<div id=\"text-370202789\" class=\"text\">\n\t\t\n<h2 style=\"text-align: center;\">Reinigungsexperten zur Gew\u00e4hrleistung von Sauberkeit<br \/>\nund Lebensmittelsicherheit in Ihrem Restaurant, Caf\u00e9, Ihrer Bar oder K\u00fcche in Br\u00fcssel<\/h2>\n<p>Wir bieten professionelle Reinigungsdienstleistungen f\u00fcr Restaurants, Caf\u00e9s, Bars und K\u00fcchen an. Wir wissen, wie wichtig es ist, in diesen Lebensmittelbetrieben eine saubere und hygienische Umgebung aufrechtzuerhalten, um die Sicherheit der Kunden zu gew\u00e4hrleisten und die Gesundheitsnormen einzuhalten.<br \/>\n\t\t\n<style>\n#text-370202789 {\n  text-align: left;\n}\n<\/style>\n\t<\/div>\n\t\n\t\t<\/div>\n\t\t\t\t\t<\/div>\n\n\t\n<\/div>\n<div class=\"row\"  id=\"row-664136095\">\n\n\t<div id=\"col-119805075\" class=\"col medium-6 small-12 large-6\"  >\n\t\t\t\t<div class=\"col-inner\"  >\n\t\t\t\n\t\t\t\n\t<div class=\"box has-hover   has-hover box-push box-text-bottom\" >\n\n\t\t<div class=\"box-image\" >\n\t\t\t\t\t\t<div class=\"\" >\n\t\t\t\t<img decoding=\"async\" width=\"700\" height=\"400\" src=\"https:\/\/serviclean.be\/wp-content\/uploads\/2023\/03\/Plan-de-nettoyage.jpg\" class=\"attachment- size-\" alt=\"Reinigungsplan\" srcset=\"https:\/\/serviclean.be\/wp-content\/uploads\/2023\/03\/Plan-de-nettoyage.jpg 700w, https:\/\/serviclean.be\/wp-content\/uploads\/2023\/03\/Plan-de-nettoyage-300x171.jpg 300w, https:\/\/serviclean.be\/wp-content\/uploads\/2023\/03\/Plan-de-nettoyage-600x343.jpg 600w\" sizes=\"(max-width: 700px) 100vw, 700px\" \/>\t\t\t\t\t\t\t\t\t\t\t<\/div>\n\t\t\t\t\t<\/div>\n\n\t\t<div class=\"box-text text-left is-large\" style=\"padding:10px 10px 10px 10px;\">\n\t\t\t<div class=\"box-text-inner\">\n\t\t\t\t\n<h2 style=\"text-align: center;\"><span class=\"fancy-underline\">Individueller Reinigungsplan f\u00fcr Ihre spezifischen Bed\u00fcrfnisse<\/span><\/h2>\n<\/p>\n<p>Unsere Reinigungsdienstleistungen werden individuell angepasst, um den spezifischen Anforderungen jedes Kunden gerecht zu werden. Wir verwenden hochwertige Reinigungsprodukte und moderne Ger\u00e4te, um eine gr\u00fcndliche Reinigung aller Oberfl\u00e4chen zu gew\u00e4hrleisten, einschlie\u00dflich B\u00f6den, Theken, Tische, St\u00fchle, K\u00fcchenger\u00e4te und Sanit\u00e4ranlagen. <\/p>\n<\/p>\n<p>Unser <a href=\"https:\/\/serviclean.be\/de\/reinigungsunternehmen\/\">Reinigungsunternehmen<\/a> arbeitet nach einem regelm\u00e4\u00dfigen Zeitplan, um die Sauberkeit Ihres Betriebs aufrechtzuerhalten, oder wir bieten gelegentliche Reinigungsdienste f\u00fcr spezielle Anforderungen an, wie zum Beispiel die Reinigung nach einer besonderen Veranstaltung.<\/p>\n<\/p>\n<p>Unser Reinigungsteam ist professionell, zuverl\u00e4ssig und h\u00e4lt alle Sicherheitsstandards ein. Wir sind bereit, mit Ihnen zusammenzuarbeiten, um einen individuellen Reinigungsplan zu erstellen, der Ihren spezifischen Anforderungen entspricht. Kontaktieren Sie uns noch heute, um mehr \u00fcber unsere Reinigungsdienstleistungen f\u00fcr Restaurants, Caf\u00e9s, Bars und K\u00fcchen zu erfahren.  <\/p>\n\t\t\t<\/div>\n\t\t<\/div>\n\t<\/div>\n\t\n\t\t<\/div>\n\t\t\t\t\t<\/div>\n\n\t\n\n\t<div id=\"col-1686200352\" class=\"col medium-6 small-12 large-6\"  >\n\t\t\t\t<div class=\"col-inner\"  >\n\t\t\t\n\t\t\t\n\t<div class=\"box has-hover   has-hover box-push box-text-bottom\" >\n\n\t\t<div class=\"box-image\" >\n\t\t\t\t\t\t<div class=\"\" >\n\t\t\t\t<img decoding=\"async\" width=\"700\" height=\"400\" src=\"https:\/\/serviclean.be\/wp-content\/uploads\/2022\/09\/nettoyage-restaurant-cuisine-bruxelles-1.jpeg\" class=\"attachment- size-\" alt=\"Reinigung Restaurant K\u00fcche Br\u00fcssel 1\" srcset=\"https:\/\/serviclean.be\/wp-content\/uploads\/2022\/09\/nettoyage-restaurant-cuisine-bruxelles-1.jpeg 700w, https:\/\/serviclean.be\/wp-content\/uploads\/2022\/09\/nettoyage-restaurant-cuisine-bruxelles-1-300x171.jpeg 300w, https:\/\/serviclean.be\/wp-content\/uploads\/2022\/09\/nettoyage-restaurant-cuisine-bruxelles-1-600x343.jpeg 600w\" sizes=\"(max-width: 700px) 100vw, 700px\" \/>\t\t\t\t\t\t\t\t\t\t\t<\/div>\n\t\t\t\t\t<\/div>\n\n\t\t<div class=\"box-text text-left is-large\" style=\"padding:10px 10px 10px 10px;\">\n\t\t\t<div class=\"box-text-inner\">\n\t\t\t\t\n<h2 style=\"text-align: center;\"><span class=\"fancy-underline\">Tiefenreinigung der K\u00fcche und ihrer Ausstattung<br \/><\/span><\/h2>\n<\/p>\n<p>Wir verstehen, dass die K\u00fcche in Bezug auf Hygiene und Sauberkeit der kritischste Bereich eines Lebensmittelbetriebs ist. Deshalb verpflichten wir uns zu einer umfassenden Tiefenreinigung aller K\u00fcchenger\u00e4te, einschlie\u00dflich \u00d6fen, Grills, Fritteusen, Abzugshauben, Arbeitsfl\u00e4chen und B\u00f6den. <\/p>\n<\/p>\n<p>Unser Reinigungsteam verwendet leistungsstarke und effektive Reinigungsprodukte, um Fett, Speisereste und Bakterien zu entfernen und gleichzeitig die Gesundheit und Sicherheit Ihres Personals und Ihrer Kunden zu sch\u00fctzen. Wir arbeiten methodisch, um sicherzustellen, dass jeder Winkel Ihrer K\u00fcche perfekt sauber ist. <\/p>\n<\/p>\n<p>Unsere K\u00fcchen-Tiefenreinigung ist je nach Bedarf als regelm\u00e4\u00dfiger oder gelegentlicher Service verf\u00fcgbar. Wir k\u00f6nnen au\u00dferhalb der Gesch\u00e4ftszeiten arbeiten, um St\u00f6rungen f\u00fcr Ihren Betrieb zu minimieren.  <\/p>\n\t\t\t<\/div>\n\t\t<\/div>\n\t<\/div>\n\t\n\t\t<\/div>\n\t\t\t\t\t<\/div>\n\n\t\n<\/div>\n<div class=\"row\"  id=\"row-1784439950\">\n\n\t<div id=\"col-1451080939\" class=\"col small-12 large-12\"  >\n\t\t\t\t<div class=\"col-inner text-center\"  >\n\t\t\t\n\t\t\t\n<h2 style=\"text-align: center;\">M\u00f6chten Sie ein Angebot f\u00fcr eine der Dienstleistungen<br \/>unseres Reinigungsunternehmens erhalten?<\/h2>\n<p style=\"text-align: left;\">Z\u00f6gern Sie nicht, ein kostenloses und unverbindliches Angebot anzufordern, wenn Sie weitere Informationen zu den Preisen der verschiedenen Dienstleistungen unseres <strong>Reinigungsunternehmens<\/strong> w\u00fcnschen. Sie erhalten innerhalb von 24 Stunden eine Antwort von uns.<\/p>\n<a href=\"https:\/\/serviclean.be\/de\/reinigungsangebot\/\" target=\"_self\" class=\"button primary is-primary is-large\"  >\n  <i class=\"icon-checkmark\" ><\/i>  <span>Kostenloses Angebot<\/span>\n  <\/a>\n\n\t\t<\/div>\n\t\t\t\t\n<style>\n#col-1451080939 > .col-inner {\n  padding: 20px 20px 0px 20px;\n  border-radius: 10px;\n}\n<\/style>\n\t<\/div>\n\n\t\n\n<style>\n#row-1784439950 > .col > .col-inner {\n  background-color: rgb(245, 245, 245);\n}\n<\/style>\n<\/div>\n<div class=\"row\"  id=\"row-832037873\">\n\n\t<div id=\"col-521590913\" class=\"col small-12 large-12\"  >\n\t\t\t\t<div class=\"col-inner\"  >\n\t\t\t\n\t\t\t\n<h2 style=\"text-align: center;\">Nutzen Sie unsere Reinigungsdienste in<br \/>den 19 Gemeinden von Br\u00fcssel<\/h2>\n<p>F\u00fcr all Ihre Reinigungsbed\u00fcrfnisse k\u00f6nnen Sie sich auf unser professionelles Team verlassen, das Ihnen den tadellosen und pers\u00f6nlichen Service bietet, den Sie verdienen. Unsere Expertenteams werden alles daran setzen, Ihre Erwartungen zu erf\u00fcllen. Wir bieten eine Vielzahl verschiedener Dienstleistungen in:  <\/p>\n\t\t<\/div>\n\t\t\t\t\t<\/div>\n\n\t\n<\/div>\n<div class=\"row row-collapse row-dashed\"  id=\"row-1366670704\">\n\n\t<div id=\"col-1486890683\" class=\"col medium-4 small-12 large-4\"  >\n\t\t\t\t<div class=\"col-inner\"  >\n\t\t\t\n\t\t\t\n<ul>\n<li class=\"bullet-checkmark\">Anderlecht<\/li>\n<li class=\"bullet-checkmark\">Auderghem<\/li>\n<li class=\"bullet-checkmark\">Berchem-Sainte-Agathe<\/li>\n<li class=\"bullet-checkmark\">Br\u00fcssel-Stadt<\/li>\n<li class=\"bullet-checkmark\">Etterbeek<\/li>\n<li class=\"bullet-checkmark\">Evere<\/li>\n<li class=\"bullet-checkmark\">Forest<\/li>\n<\/ul>\n\t\t<\/div>\n\t\t\t\t\t<\/div>\n\n\t\n\n\t<div id=\"col-2012812385\" class=\"col medium-4 small-12 large-4\"  >\n\t\t\t\t<div class=\"col-inner\"  >\n\t\t\t\n\t\t\t\n<ul>\n<li class=\"bullet-checkmark\">Koekelberg<\/li>\n<li class=\"bullet-checkmark\">Molenbeek-Saint-Jean<\/li>\n<li class=\"bullet-checkmark\">Saint-Gilles<\/li>\n<li class=\"bullet-checkmark\">Saint-Josse-ten-Noode<\/li>\n<li class=\"bullet-checkmark\">Schaerbeek<\/li>\n<li class=\"bullet-checkmark\">Uccle<\/li>\n<\/ul>\n\t\t<\/div>\n\t\t\t\t\t<\/div>\n\n\t\n\n\t<div id=\"col-1371849545\" class=\"col medium-4 small-12 large-4\"  >\n\t\t\t\t<div class=\"col-inner\"  >\n\t\t\t\n\t\t\t\n<ul>\n<li class=\"bullet-checkmark\">Ganshoren<\/li>\n<li class=\"bullet-checkmark\">Ixelles<\/li>\n<li class=\"bullet-checkmark\">Jette<\/li>\n<li class=\"bullet-checkmark\">Watermael-Boitsfort<\/li>\n<li class=\"bullet-checkmark\">Woluwe-Saint-Lambert<\/li>\n<li class=\"bullet-checkmark\">Woluwe-Saint-Pierre<\/li>\n<\/ul>\n\t\t<\/div>\n\t\t\t\t\t<\/div>\n\n\t\n<\/div>\n","protected":false},"excerpt":{"rendered":"","protected":false},"author":1,"featured_media":0,"parent":0,"menu_order":0,"comment_status":"closed","ping_status":"closed","template":"page-blank.php","meta":{"footnotes":""},"class_list":["post-28350","page","type-page","status-publish","hentry"],"acf":[],"_links":{"self":[{"href":"https:\/\/serviclean.be\/de\/wp-json\/wp\/v2\/pages\/28350","targetHints":{"allow":["GET"]}}],"collection":[{"href":"https:\/\/serviclean.be\/de\/wp-json\/wp\/v2\/pages"}],"about":[{"href":"https:\/\/serviclean.be\/de\/wp-json\/wp\/v2\/types\/page"}],"author":[{"embeddable":true,"href":"https:\/\/serviclean.be\/de\/wp-json\/wp\/v2\/users\/1"}],"replies":[{"embeddable":true,"href":"https:\/\/serviclean.be\/de\/wp-json\/wp\/v2\/comments?post=28350"}],"version-history":[{"count":2,"href":"https:\/\/serviclean.be\/de\/wp-json\/wp\/v2\/pages\/28350\/revisions"}],"predecessor-version":[{"id":28359,"href":"https:\/\/serviclean.be\/de\/wp-json\/wp\/v2\/pages\/28350\/revisions\/28359"}],"wp:attachment":[{"href":"https:\/\/serviclean.be\/de\/wp-json\/wp\/v2\/media?parent=28350"}],"curies":[{"name":"wp","href":"https:\/\/api.w.org\/{rel}","templated":true}]}}