{"id":27723,"date":"2018-10-10T23:59:52","date_gmt":"2018-10-10T21:59:52","guid":{"rendered":"https:\/\/serviclean.be\/datenschutzerklaerung\/"},"modified":"2026-05-03T21:28:56","modified_gmt":"2026-05-03T19:28:56","slug":"datenschutzerklaerung","status":"publish","type":"page","link":"https:\/\/serviclean.be\/de\/datenschutzerklaerung\/","title":{"rendered":"Datenschutzerkl\u00e4rung"},"content":{"rendered":"\r\n<h2>\u00dcber uns<\/h2>\r\n<p>Die Adresse unserer Website ist: https:\/\/serviclean.be.<br\/>Die Website basiert auf WORDPRESS und WOOCOMMERCE<\/p>\r\n<h2>Was wir sammeln und speichern<\/h2>\r\n<p>W\u00e4hrend Ihres Besuchs auf der Website verfolgen wir:<\/p>\r\n<p>Produkte, die Sie angesehen haben: Wir verwenden sie, um Ihnen beispielsweise k\u00fcrzlich angesehene Produkte anzuzeigen<br\/>Standort, IP-Adresse und Browsertyp: Wir verwenden sie zur Sch\u00e4tzung von Steuern und Versandkosten<br\/>Lieferadresse: Wir bitten Sie, diese einzugeben, um die Versandkosten zu sch\u00e4tzen, bevor Sie bestellen, und um Ihnen die Bestellung zuzusenden!<\/p>\r\n<p>Wir verwenden Cookies, um den Warenkorbinhalt zu verfolgen, w\u00e4hrend Sie auf unserer Website navigieren.<\/p>\r\n<p>Wenn Sie auf unserer Website einkaufen, bitten wir Sie um die Angabe von Informationen wie Name, Rechnungsadresse, Lieferadresse, E-Mail-Adresse, Telefonnummer, Zahlungs-\/Kreditkartendaten und gegebenenfalls Kontodaten wie Benutzername und Passwort. Diese Informationen werden verwendet, um: <\/p>\r\n<p>Informationen zu Ihrem Konto und Ihrer Bestellung zu senden<br\/>Anfragen zu beantworten, einschlie\u00dflich R\u00fcckerstattungen und Beschwerden<br\/>Zahlungen zu verarbeiten und Betrug vorzubeugen<br\/>Ihr Konto f\u00fcr unseren Shop einzurichten<br\/>Jeglichen gesetzlichen Verpflichtungen nachzukommen, wie der Berechnung von Steuern<br\/>Die Angebote unseres Shops zu verbessern<br\/>Ihnen Marketingnachrichten zu senden, falls Sie diese erhalten m\u00f6chten<\/p>\r\n<p>Wenn Sie ein Konto erstellen, speichern wir Ihren Namen, Ihre Adresse, E-Mail-Adresse und Telefonnummer, die zur Vorausf\u00fcllung der Bestellbest\u00e4tigung f\u00fcr zuk\u00fcnftige Bestellungen verwendet werden.<\/p>\r\n<p>Wir speichern Ihre Informationen in der Regel so lange, wie wir sie f\u00fcr den Zweck ben\u00f6tigen, f\u00fcr den wir sie sammeln und verwenden, und wir sind nicht gesetzlich verpflichtet, sie l\u00e4nger aufzubewahren. Zum Beispiel speichern wir Bestellinformationen f\u00fcr XXX Jahre f\u00fcr Steuer- und Buchhaltungszwecke. Dies umfasst Ihren Namen, Ihre E-Mail-Adresse sowie Ihre Rechnungs- und Lieferadressen.  <\/p>\r\n<p>Wir speichern auch Kommentare oder Bewertungen, wenn Sie diese senden m\u00f6chten.<\/p>\r\n<h2>Zahlungen<\/h2>\r\n<p>Wir verwenden Stripe. Bei der Zahlungsabwicklung werden bestimmte Daten an Stripe \u00fcbermittelt, einschlie\u00dflich der f\u00fcr die Ausf\u00fchrung der Zahlung erforderlichen Informationen, wie der Gesamtbetrag oder die Rechnungsdaten. <\/p>\r\n<p>Bitte lesen Sie die <a href=\"https:\/\/stripe.com\/fr-be\/privacy\" target=\"_blank\" rel=\"noopener noreferrer\">Datenschutzerkl\u00e4rung von Stripe<\/a> f\u00fcr weitere Details.<\/p>\r\n<h2>Verwendung der gesammelten pers\u00f6nlichen Daten<\/h2>\r\n<h3>Kontaktformulare<\/h3>\r\n<h3>Cookies<\/h3>\r\n<p>Wenn Sie einen Kommentar auf unserer Website hinterlassen, wird Ihnen angeboten, Ihren Namen, Ihre E-Mail-Adresse und Ihre Website in Cookies zu speichern. Dies dient lediglich Ihrem Komfort, damit Sie diese Informationen nicht erneut eingeben m\u00fcssen, wenn Sie sp\u00e4ter einen weiteren Kommentar hinterlassen. Diese Cookies verfallen nach einem Jahr.  <\/p>\r\n<p>Wenn Sie ein Konto haben und sich auf dieser Website anmelden, wird ein tempor\u00e4res Cookie erstellt, um festzustellen, ob Ihr Browser Cookies akzeptiert. Es enth\u00e4lt keine pers\u00f6nlichen Daten und wird automatisch gel\u00f6scht, wenn Sie Ihren Browser schlie\u00dfen. <\/p>\r\n<p>Wenn Sie sich anmelden, werden wir eine Reihe von Cookies einrichten, um Ihre Anmeldeinformationen und Bildschirmeinstellungen zu speichern. Die Lebensdauer eines Anmelde-Cookies betr\u00e4gt zwei Tage, die eines Bildschirmoptions-Cookies ein Jahr. Wenn Sie \u201eAngemeldet bleiben\u201c ankreuzen, wird Ihr Anmelde-Cookie zwei Wochen lang gespeichert. Wenn Sie sich von Ihrem Konto abmelden, wird das Anmelde-Cookie gel\u00f6scht.   <\/p>\r\n<p>Beim Bearbeiten oder Ver\u00f6ffentlichen eines Beitrags wird ein zus\u00e4tzliches Cookie in Ihrem Browser gespeichert. Dieses Cookie enth\u00e4lt keine pers\u00f6nlichen Daten. Es zeigt lediglich die ID des Beitrags an, den Sie gerade bearbeitet haben. Es verf\u00e4llt nach einem Tag.   <\/p>\r\n<h3>Inhalte von anderen Websites<\/h3>\r\n<p>Artikel auf dieser Website k\u00f6nnen eingebettete Inhalte (z. B. Videos, Bilder, Artikel\u2026) enthalten. Eingebettete Inhalte von anderen Websites verhalten sich genau so, als ob der Besucher die andere Website besucht h\u00e4tte. <\/p>\r\n<p>Diese Websites k\u00f6nnten Daten \u00fcber Sie sammeln, Cookies verwenden, Tracking-Tools von Drittanbietern einbetten und Ihre Interaktionen mit diesen eingebetteten Inhalten verfolgen, wenn Sie ein angemeldetes Konto auf deren Website haben.<\/p>\r\n<h3>Statistiken und Reichweitenmessung<\/h3>\r\n<p>Die Navigation auf der Website wird \u00fcber den Dienst GOOGLE ANALYTICS gemessen.<br\/>Der Betrieb wird von Google, dem Verantwortlichen f\u00fcr diesen Dienst, gew\u00e4hrleistet.<br\/>Es ist zu beachten, dass die zu diesem Zweck gesammelten Daten anonym sind und keine genaue Identifizierung einer Person erm\u00f6glichen.<\/p>\r\n<p>Die IP-Adresse ist nicht zug\u00e4nglich und wir (Servi-clean) haben keinen Zugriff darauf.<\/p>\r\n<p>Der Zugang zu diesem Dienst bei Servi-clean ist streng auf Personal beschr\u00e4nkt, das ein berechtigtes Interesse am Zugriff auf diese Daten hat.<\/p>\r\n<h2>Verwendung und \u00dcbermittlung Ihrer pers\u00f6nlichen Daten<\/h2>\r\n<h2>Speicherdauer Ihrer Daten<\/h2>\r\n<p>Wenn Sie einen Kommentar hinterlassen, werden der Kommentar und seine Metadaten unbegrenzt gespeichert. Dies erm\u00f6glicht es, nachfolgende Kommentare automatisch zu erkennen und zu genehmigen, anstatt sie in der Moderationswarteschlange zu belassen. <\/p>\r\n<p>F\u00fcr Benutzer, die sich auf unserer Website registrieren (falls dies m\u00f6glich ist), speichern wir auch die in ihrem Profil angegebenen pers\u00f6nlichen Daten. Alle Benutzer k\u00f6nnen ihre pers\u00f6nlichen Informationen jederzeit einsehen, \u00e4ndern oder l\u00f6schen (mit Ausnahme ihres Benutzernamens). Die Website-Administratoren k\u00f6nnen diese Informationen ebenfalls einsehen und \u00e4ndern.  <\/p>\r\n<h2>Ihre Rechte an Ihren Daten<\/h2>\r\n<p>Wenn Sie ein Konto haben oder Kommentare auf der Website hinterlassen haben, k\u00f6nnen Sie eine Datei mit allen pers\u00f6nlichen Daten anfordern, die wir \u00fcber Sie gespeichert haben, einschlie\u00dflich derer, die Sie uns zur Verf\u00fcgung gestellt haben. Sie k\u00f6nnen auch die L\u00f6schung Ihrer pers\u00f6nlichen Daten verlangen. Dies umfasst keine Daten, die wir aus administrativen, rechtlichen oder Sicherheitsgr\u00fcnden speichern m\u00fcssen.  <\/p>\r\n<h2>\u00dcbermittlung Ihrer pers\u00f6nlichen Daten<\/h2>\r\n<p>Es ist zu beachten, dass die Daten bez\u00fcglich dieser Verarbeitung 14 Monate lang aufbewahrt werden.<br\/>Besucherkommentare k\u00f6nnen mithilfe eines automatisierten Dienstes zur Erkennung unerw\u00fcnschter Kommentare \u00fcberpr\u00fcft werden.<\/p>\r\n<h2>Kontaktinformationen<\/h2>\r\n<p>F\u00fcr alle Informationen bez\u00fcglich der Website ist Servi-Clean per E-Mail erreichbar unter: serviclean@serviclean.be<\/p>\r\n<h2>Zus\u00e4tzliche Informationen<\/h2>\r\n<h3>Wie wir Ihre Daten sch\u00fctzen<\/h3>\r\n<h3>Verfahren bei Datenlecks<\/h3>\r\n<p>Zun\u00e4chst ermitteln wir das Ausma\u00df des Lecks. Dies erm\u00f6glicht es uns auch, die L\u00f6sung zu finden, um ein erneutes Datenleck zu vermeiden.<br\/>Wir nehmen die notwendigen Korrekturen vor.<br\/>Sp\u00e4testens 72 Stunden nach Feststellung dieses Lecks informieren wir die zust\u00e4ndigen Beh\u00f6rden unter Angabe der Ma\u00dfnahmen, die ergriffen wurden, um aktuelle und zuk\u00fcnftige Bedrohungen Ihrer Freiheiten zu begrenzen.<br\/>Schlie\u00dflich informieren wir die betroffenen Personen \u00fcber dieses Leck. Diese private Kommunikation kann durch eine \u00f6ffentliche Mitteilung in unserem Blog erg\u00e4nzt werden, um die Erfahrung mit Ihnen zu teilen, wobei die Vertraulichkeit der betroffenen Personen gewahrt und respektiert wird.  <\/p>\r\n<h3>Dienste von Drittanbietern, die uns Daten \u00fcbermitteln<\/h3>\r\n<p>Wir verwenden keine Dienste dieser Art.<\/p>\r\n<h3>Automatisierte Marketingaktivit\u00e4ten und\/oder Profiling mit pers\u00f6nlichen Daten<\/h3>\r\n<p>Wir verwenden Ihre pers\u00f6nlichen Daten nicht f\u00fcr unsere automatisierten Marketingaktivit\u00e4ten.<\/p>\r\n","protected":false},"excerpt":{"rendered":"<p>\u00dcber uns Die Adresse unserer Website ist: https:\/\/serviclean.be.Die Website basiert auf WORDPRESS und WOOCOMMERCE Was wir sammeln und speichern W\u00e4hrend Ihres Besuchs auf der Website verfolgen wir: Produkte, die Sie angesehen haben: Wir verwenden sie, um Ihnen beispielsweise k\u00fcrzlich angesehene Produkte anzuzeigenStandort, IP-Adresse und Browsertyp: Wir verwenden sie zur Sch\u00e4tzung von Steuern und VersandkostenLieferadresse: WirEn savoir plus<\/p>\n","protected":false},"author":1,"featured_media":0,"parent":0,"menu_order":0,"comment_status":"closed","ping_status":"closed","template":"","meta":{"footnotes":""},"class_list":["post-27723","page","type-page","status-publish","hentry"],"acf":[],"_links":{"self":[{"href":"https:\/\/serviclean.be\/de\/wp-json\/wp\/v2\/pages\/27723","targetHints":{"allow":["GET"]}}],"collection":[{"href":"https:\/\/serviclean.be\/de\/wp-json\/wp\/v2\/pages"}],"about":[{"href":"https:\/\/serviclean.be\/de\/wp-json\/wp\/v2\/types\/page"}],"author":[{"embeddable":true,"href":"https:\/\/serviclean.be\/de\/wp-json\/wp\/v2\/users\/1"}],"replies":[{"embeddable":true,"href":"https:\/\/serviclean.be\/de\/wp-json\/wp\/v2\/comments?post=27723"}],"version-history":[{"count":1,"href":"https:\/\/serviclean.be\/de\/wp-json\/wp\/v2\/pages\/27723\/revisions"}],"predecessor-version":[{"id":27724,"href":"https:\/\/serviclean.be\/de\/wp-json\/wp\/v2\/pages\/27723\/revisions\/27724"}],"wp:attachment":[{"href":"https:\/\/serviclean.be\/de\/wp-json\/wp\/v2\/media?parent=27723"}],"curies":[{"name":"wp","href":"https:\/\/api.w.org\/{rel}","templated":true}]}}