{"id":27056,"date":"2018-10-09T01:23:32","date_gmt":"2018-10-08T23:23:32","guid":{"rendered":"https:\/\/serviclean.be\/reinigungsunternehmen\/"},"modified":"2026-05-03T21:20:34","modified_gmt":"2026-05-03T19:20:34","slug":"reinigungsunternehmen","status":"publish","type":"page","link":"https:\/\/serviclean.be\/de\/reinigungsunternehmen\/","title":{"rendered":"Reinigungsunternehmen"},"content":{"rendered":"\t<section class=\"section dark\" id=\"section_1257940750\">\n\t\t<div class=\"bg section-bg fill bg-fill bg-loaded \" >\n\n\t\t\t\n\t\t\t<div class=\"section-bg-overlay absolute fill\"><\/div>\n\t\t\t\n\t<div class=\"is-border\"\n\t\tstyle=\"border-color:rgb(235, 235, 235);border-width:0px 0px 0px 0px;\">\n\t<\/div>\n\n\t\t<\/div>\n\n\t\t\n\t<div class=\"ux-shape-divider ux-shape-divider--bottom ux-shape-divider--style-waves-opacity-3\">\n\t\t<svg viewBox=\"0 0 1000 300\" xmlns=\"http:\/\/www.w3.org\/2000\/svg\" preserveAspectRatio=\"none\">\n\t<path class=\"ux-shape-fill\" opacity=\"0.05\" d=\"M1014 264V386H206L34 300C34 300 344.42 277.16 436 221C542 156 590 160 704 209C811 255 899.11 214.94 979 346L1014 264Z\"\/>\n\t<path class=\"ux-shape-fill\" opacity=\"0.1\" d=\"M-302 55C-302 55 -66.73 263.25 50 214C178 160 283 116 353 141C445.68 174.1 534.28 256.19 588 249C692.9 235 764.52 75.94 855 131C940.61 183.09 1000 254 1000 254V328L-306 338L-302 55Z\"\/>\n\t<path class=\"ux-shape-fill\" opacity=\"0.15\" d=\"M-286 255C-286 255 -72 152 52 126C176 100 255 155 436 227C581.57 284.91 614.7 277.79 708 227C787 184 1009 3.0001 1093 164C1146 265.63 1031 293 1031 293L924 377L-288 389L-286 255Z\"\/>\n\t<path class=\"ux-shape-fill\" opacity=\"0.3\" d=\"M-24 69C-24 69 275.68 370.66 389 314C397 310 622 316 673 356C690.47 369.7 845 224 890 182C944.8 130.85 1018 92 1078 143C1154.12 207.7 1196 242 1196 242L1184 374L-28 386L-24 69Z\"\/>\n\t<path class=\"ux-shape-fill\" d=\"M-12 201C-12 201 58 284 182 258C306 232 342.29 221.23 456 264C565 305 640.82 288.36 721 249C776 222 837.5 191.31 935 253C984 284 1030 279 1030 279L1024 430L-12 440V201Z\"\/>\n<\/svg>\n\t<\/div>\n\n\t\t<div class=\"section-content relative\">\n\t\t\t\n<div class=\"row align-middle\"  id=\"row-1347095357\">\n\n\t<div id=\"col-699971992\" class=\"col medium-11 small-12 large-11\"  >\n\t\t\t\t<div class=\"col-inner text-center text-shadow-1\"  >\n\t\t\t\n\t\t\t\n\t<div id=\"text-2022070482\" class=\"text\">\n\t\t\n<h1 style=\"text-align: left;\" data-rm-block-id=\"block-5\"><span style=\"font-size: 115%;\" data-line-height=\"s\">Multidisziplin\u00e4res<br \/>\nReinigungsunternehmen<br \/>\nin Br\u00fcssel<\/span><\/h1>\n<p data-rm-block-id=\"block-6\">\n\t\t\n<style>\n#text-2022070482 {\n  font-size: 1.45rem;\n}\n<\/style>\n\t<\/div>\n\t\n<div class=\"row row-small row-full-width\"  id=\"row-1524141742\">\n\n\t<div id=\"col-498871123\" class=\"col small-12 large-12\"  >\n\t\t\t\t<div class=\"col-inner text-center\"  >\n\t\t\t\n\t\t\t\n<a href=\"https:\/\/serviclean.be\/devis-nettoyage\/\" target=\"_self\" class=\"button alert is-larger box-shadow-2 box-shadow-5-hover\"  >\n  <i class=\"icon-checkmark\" ><\/i>  <span>Kostenloses Angebot<\/span>\n  <\/a>\n\n<a href=\"tel:0479670679\" target=\"_self\" class=\"button primary is-larger\"  >\n  <i class=\"icon-phone\" ><\/i>  <span>0479 67 06 79<\/span>\n  <\/a>\n\n\t\t<\/div>\n\t\t\t\t\t<\/div>\n\n\t\n<\/div>\n\t\t<\/div>\n\t\t\t\t\n<style>\n#col-699971992 > .col-inner {\n  margin: 50px 0px 0px 0px;\n}\n<\/style>\n\t<\/div>\n\n\t\n<\/div>\n\t\t<\/div>\n\n\t\t\n<style>\n#section_1257940750 {\n  padding-top: 0px;\n  padding-bottom: 0px;\n  background-color: rgb(145, 221, 90);\n}\n#section_1257940750 .section-bg-overlay {\n  background-color: rgba(0, 0, 0, 0.273);\n}\n#section_1257940750 .section-bg.bg-loaded {\n  background-image: url(https:\/\/serviclean.be\/wp-content\/uploads\/2023\/03\/societe-nettoyage-bruxelles.jpg);\n}\n#section_1257940750 .section-bg {\n  background-position: 52% 100%;\n}\n#section_1257940750 .ux-shape-divider--top svg {\n  height: 150px;\n  --divider-top-width: 100%;\n}\n#section_1257940750 .ux-shape-divider--bottom svg {\n  height: 98px;\n  --divider-width: 110%;\n}\n@media (min-width:550px) {\n  #section_1257940750 {\n    padding-top: 0px;\n    padding-bottom: 0px;\n  }\n  #section_1257940750 .ux-shape-divider--bottom svg {\n    height: 200px;\n    --divider-width: 185%;\n  }\n}\n@media (min-width:850px) {\n  #section_1257940750 .ux-shape-divider--bottom svg {\n    height: 124px;\n    --divider-width: 100%;\n  }\n}\n<\/style>\n\t<\/section>\n\t\n<div class=\"row align-center\"  id=\"row-1146010196\">\n\n\t<div id=\"col-486840212\" class=\"col medium-10 small-12 large-10\"  >\n\t\t\t\t<div class=\"col-inner text-left\"  >\n\t\t\t\n\t\t\t\n<p data-rm-block-id=\"block-16\">\n\t<div id=\"text-4091575444\" class=\"text\">\n\t\t\n<h2 style=\"text-align: center;\" data-rm-block-id=\"block-17\">Sorgen Sie f\u00fcr ein sauberes und gesundes Arbeitsumfeld \u2013 dank unseres professionellen Reinigungsunternehmens f\u00fcr Ihre B\u00fcros und R\u00e4umlichkeiten<\/h2>\n<p data-rm-block-id=\"block-18\"><span style=\"font-size: 100%;\">Mit \u00fcber 18 Jahren Erfahrung bietet unsere <strong>Reinigungsfirma<\/strong> Servi-Clean Unternehmen in Br\u00fcssel ma\u00dfgeschneiderte, auf ihre Bed\u00fcrfnisse abgestimmte Dienstleistungen. Servi-Clean tr\u00e4gt zu Ihrem Markenimage bei, indem wir Ihnen ein gesundes und angenehmes Arbeitsumfeld bieten. Unsere Leistungen decken zahlreiche Reinigungsarten ab, wie die Pflege von B\u00f6den und B\u00fcros, die Grundreinigung und Bauendreinigung sowie die Fensterreinigung.  <\/span><br \/>\n\t\t\n<style>\n#text-4091575444 {\n  text-align: left;\n}\n<\/style>\n\t<\/div>\n\t\n\t\t<\/div>\n\t\t\t\t\t<\/div>\n\n\t\n<\/div>\n<div class=\"row\"  id=\"row-1410495844\">\n\n\t<div id=\"col-1039743643\" class=\"col medium-6 small-12 large-6\"  >\n\t\t\t\t<div class=\"col-inner\"  >\n\t\t\t\n\t\t\t\n\t<div class=\"box has-hover   has-hover box-push box-text-bottom\" >\n\n\t\t<div class=\"box-image\" >\n\t\t\t\t\t\t<div class=\"\" >\n\t\t\t\t<img decoding=\"async\" width=\"700\" height=\"400\" src=\"https:\/\/serviclean.be\/wp-content\/uploads\/2020\/06\/nettoyage-bureau-sol.jpg\" class=\"attachment- size-\" alt=\"B\u00fcroreinigung Br\u00fcssel\" srcset=\"https:\/\/serviclean.be\/wp-content\/uploads\/2020\/06\/nettoyage-bureau-sol.jpg 700w, https:\/\/serviclean.be\/wp-content\/uploads\/2020\/06\/nettoyage-bureau-sol-300x171.jpg 300w, https:\/\/serviclean.be\/wp-content\/uploads\/2020\/06\/nettoyage-bureau-sol-600x343.jpg 600w\" sizes=\"(max-width: 700px) 100vw, 700px\" \/>\t\t\t\t\t\t\t\t\t\t\t<\/div>\n\t\t\t\t\t<\/div>\n\n\t\t<div class=\"box-text text-left is-large\" style=\"padding:10px 10px 10px 10px;\">\n\t\t\t<div class=\"box-text-inner\">\n\t\t\t\t\n<h2 style=\"text-align: center;\" data-rm-block-id=\"block-23\"><span class=\"fancy-underline\">B\u00fcroreinigung<\/span><\/h2>\n<p data-rm-block-id=\"block-24\">Die Reinigung von B\u00fcros und B\u00f6den ist f\u00fcr jedes Unternehmen unerl\u00e4sslich. Dabei ist es wichtig, f\u00fcr jede Oberfl\u00e4che und jeden Belag die passenden Produkte zu verwenden. Deshalb ist es besser, diese Aufgabe einem spezialisierten <strong>Reinigungsunternehmen<\/strong> f\u00fcr Bodenreinigung anzuvertrauen.  <\/p>\n<p data-rm-block-id=\"block-25\">Servi-Clean bietet regelm\u00e4\u00dfige und gelegentliche Reinigungs- und Unterhaltsdienste f\u00fcr B\u00fcros, Verkaufsfl\u00e4chen, Werkst\u00e4tten und \u00f6ffentliche Einrichtungen. Wir verwenden professionelle Produkte und hochwertige Ausr\u00fcstung f\u00fcr die Reinigung von Parkettb\u00f6den, Teppichb\u00f6den, Fliesenb\u00f6den usw. <\/p>\n<p data-rm-block-id=\"block-26\">Wir \u00fcbernehmen au\u00dferdem das Scheuern und Polieren aller Oberfl\u00e4chen, das Wischen, das Staubsaugen sowie die t\u00e4gliche Pflege von Mobiliar und Sanit\u00e4ranlagen.<\/p>\n<p data-rm-block-id=\"block-27\">\n<a href=\"https:\/\/serviclean.be\/nettoyage-bureaux-bruxelles\/\" target=\"_self\" class=\"button primary\"  >\n    <span>Mehr erfahren<\/span>\n  <\/a>\n\n\t\t\t<\/div>\n\t\t<\/div>\n\t<\/div>\n\t\n\t\t<\/div>\n\t\t\t\t\t<\/div>\n\n\t\n\n\t<div id=\"col-1094137167\" class=\"col medium-6 small-12 large-6\"  >\n\t\t\t\t<div class=\"col-inner\"  >\n\t\t\t\n\t\t\t\n\t<div class=\"box has-hover   has-hover box-push box-text-bottom\" >\n\n\t\t<div class=\"box-image\" >\n\t\t\t\t\t\t<div class=\"\" >\n\t\t\t\t<img decoding=\"async\" width=\"700\" height=\"400\" src=\"https:\/\/serviclean.be\/wp-content\/uploads\/2022\/09\/nettoyage-restaurant-cuisine-bruxelles-1.jpeg\" class=\"attachment- size-\" alt=\"Reinigung Restaurant K\u00fcche Br\u00fcssel 1\" srcset=\"https:\/\/serviclean.be\/wp-content\/uploads\/2022\/09\/nettoyage-restaurant-cuisine-bruxelles-1.jpeg 700w, https:\/\/serviclean.be\/wp-content\/uploads\/2022\/09\/nettoyage-restaurant-cuisine-bruxelles-1-300x171.jpeg 300w, https:\/\/serviclean.be\/wp-content\/uploads\/2022\/09\/nettoyage-restaurant-cuisine-bruxelles-1-600x343.jpeg 600w\" sizes=\"(max-width: 700px) 100vw, 700px\" \/>\t\t\t\t\t\t\t\t\t\t\t<\/div>\n\t\t\t\t\t<\/div>\n\n\t\t<div class=\"box-text text-left is-large\" style=\"padding:10px 10px 10px 10px;\">\n\t\t\t<div class=\"box-text-inner\">\n\t\t\t\t\n<h2 style=\"text-align: center;\" data-rm-block-id=\"block-31\"><span class=\"fancy-underline\">Reinigung von Restaurants &amp; Caf\u00e9s<\/span><\/h2>\n<p data-rm-block-id=\"block-32\">Bei Servi-Clean wissen wir, dass die Sauberkeit Ihres Restaurants, der Speiser\u00e4ume, der Bar und der K\u00fcche ein \u00e4u\u00dferst wichtiger Faktor ist, der Ihren Erfolg bestimmt.<\/p>\n<p data-rm-block-id=\"block-33\">Wir sind in der Lage, alle Reinigungsaufgaben zu \u00fcbernehmen, um Ihrem Betrieb ein professionelles Erscheinungsbild zu garantieren und h\u00f6chste Hygienestandards aufrechtzuerhalten.<\/p>\n<p data-rm-block-id=\"block-34\">\u00dcberlassen Sie die t\u00e4gliche Reinigung Ihres Restaurants, Caf\u00e9s und Ihrer Bar einem professionellen Reinigungsunternehmen im Zentrum von Br\u00fcssel. Servi-Clean tr\u00e4gt zu Ihrem Markenimage bei, indem wir Ihren Kunden ein gesundes und angenehmes Umfeld bieten. <\/p>\n<p data-rm-block-id=\"block-35\">\n<a href=\"https:\/\/serviclean.be\/societe-nettoyage-restaurants-cafes-bars\/\" target=\"_self\" class=\"button primary\"  >\n    <span>Mehr erfahren<\/span>\n  <\/a>\n\n<p data-rm-block-id=\"block-36\">\n\t\t\t<\/div>\n\t\t<\/div>\n\t<\/div>\n\t\n\t\t<\/div>\n\t\t\t\t\t<\/div>\n\n\t\n<\/div>\n<div class=\"row\"  id=\"row-1409675136\">\n\n\t<div id=\"col-1170701847\" class=\"col medium-6 small-12 large-6\"  >\n\t\t\t\t<div class=\"col-inner\"  >\n\t\t\t\n\t\t\t\n\t<div class=\"box has-hover   has-hover box-push box-text-bottom\" >\n\n\t\t<div class=\"box-image\" >\n\t\t\t\t\t\t<div class=\"\" >\n\t\t\t\t<img decoding=\"async\" width=\"700\" height=\"400\" src=\"https:\/\/serviclean.be\/wp-content\/uploads\/2023\/03\/nettoyage-vitres.jpg\" class=\"attachment- size-\" alt=\"fensterreinigung\" srcset=\"https:\/\/serviclean.be\/wp-content\/uploads\/2023\/03\/nettoyage-vitres.jpg 700w, https:\/\/serviclean.be\/wp-content\/uploads\/2023\/03\/nettoyage-vitres-300x171.jpg 300w, https:\/\/serviclean.be\/wp-content\/uploads\/2023\/03\/nettoyage-vitres-600x343.jpg 600w\" sizes=\"(max-width: 700px) 100vw, 700px\" \/>\t\t\t\t\t\t\t\t\t\t\t<\/div>\n\t\t\t\t\t<\/div>\n\n\t\t<div class=\"box-text text-left is-large\" style=\"padding:10px 10px 10px 10px;\">\n\t\t\t<div class=\"box-text-inner\">\n\t\t\t\t\n<h2 style=\"text-align: center;\" data-rm-block-id=\"block-41\"><span class=\"fancy-underline\">Fensterreinigung<\/span><\/h2>\n<p data-rm-block-id=\"block-42\">Unser Fensterreinigungsunternehmen bietet professionelle und effiziente Dienstleistungen. Wir setzen fortschrittliche Reinigungstechniken und Qualit\u00e4tsprodukte ein, um einwandfreie Ergebnisse zu gew\u00e4hrleisten. Unsere Reinigungsteams sind hochqualifiziert und geschult, um sicher und pr\u00e4zise zu arbeiten.  <\/p>\n<p data-rm-block-id=\"block-43\">Wir bieten eine breite Palette an Fensterreinigungsdiensten an, einschlie\u00dflich der Reinigung von Innen- und Au\u00dfenfenstern, Spiegeln, Schaufenstern, Winterg\u00e4rten, Glasfronten, schwer zug\u00e4nglichen Fenstern und vieles mehr. Au\u00dferdem k\u00f6nnen wir an Geb\u00e4uden jeder Gr\u00f6\u00dfe arbeiten \u2013 von B\u00fcrogeb\u00e4uden bis hin zu. <\/p>\n<p data-rm-block-id=\"block-44\">Kontaktieren Sie uns noch heute, um mehr \u00fcber unsere professionellen Fensterreinigungsdienste zu erfahren und ein kostenloses Angebot zu erhalten.<\/p>\n<p data-rm-block-id=\"block-45\">\n\t\t\t<\/div>\n\t\t<\/div>\n\t<\/div>\n\t\n\t\t<\/div>\n\t\t\t\t\t<\/div>\n\n\t\n\n\t<div id=\"col-1297598628\" class=\"col medium-6 small-12 large-6\"  >\n\t\t\t\t<div class=\"col-inner\"  >\n\t\t\t\n\t\t\t\n\t<div class=\"box has-hover   has-hover box-push box-text-bottom\" >\n\n\t\t<div class=\"box-image\" >\n\t\t\t\t\t\t<div class=\"\" >\n\t\t\t\t<img decoding=\"async\" width=\"700\" height=\"400\" src=\"https:\/\/serviclean.be\/wp-content\/uploads\/2020\/07\/nettoyage-fin-chantier-apres-travaux.jpg\" class=\"attachment- size-\" alt=\"nettoyage fin chantier apres travaux\" srcset=\"https:\/\/serviclean.be\/wp-content\/uploads\/2020\/07\/nettoyage-fin-chantier-apres-travaux.jpg 700w, https:\/\/serviclean.be\/wp-content\/uploads\/2020\/07\/nettoyage-fin-chantier-apres-travaux-300x171.jpg 300w, https:\/\/serviclean.be\/wp-content\/uploads\/2020\/07\/nettoyage-fin-chantier-apres-travaux-600x343.jpg 600w\" sizes=\"(max-width: 700px) 100vw, 700px\" \/>\t\t\t\t\t\t\t\t\t\t\t<\/div>\n\t\t\t\t\t<\/div>\n\n\t\t<div class=\"box-text text-left is-large\" style=\"padding:10px 10px 10px 10px;\">\n\t\t\t<div class=\"box-text-inner\">\n\t\t\t\t\n<h2 style=\"text-align: center;\" data-rm-block-id=\"block-48\"><span class=\"fancy-underline\">Bauendreinigung<\/span><\/h2>\n<p data-rm-block-id=\"block-49\">Wir bieten L\u00f6sungen f\u00fcr all Ihre Projekte rund um <strong>Reinigung nach Arbeiten<\/strong>, Bauendreinigung sowie Wohn- und Gewerbereinigung. Die Grundreinigung von Gewerbefl\u00e4chen, H\u00e4usern und Wohnungen ist f\u00fcr uns kein Geheimnis. <\/p>\n<p data-rm-block-id=\"block-50\">Unsere Teams k\u00fcmmern sich um Ihren Fr\u00fchjahrsputz, die Grundreinigung nach Renovierung und Bau, die Umzugsreinigung usw. Sie erhalten die Garantie f\u00fcr eine gr\u00fcndliche Reinigung zum besten Preis. <\/p>\n<p data-rm-block-id=\"block-51\">Unsere Leistungen umfassen alle Aufgaben der Grundreinigung: Reinigung von Mobiliar, Reinigung von L\u00fcftungskan\u00e4len, Reinigung von B\u00f6den und Teppichen, Reinigung und Desinfektion von K\u00fcche und Bad, Entstaubung nach Renovierungen, Waschen von vergilbten W\u00e4nden ohne Streifen und mehr.<\/p>\n<p data-rm-block-id=\"block-52\">\n<a href=\"https:\/\/serviclean.be\/nettoyage-apres-travaux-demenagement\/\" target=\"_self\" class=\"button primary\"  >\n    <span>Mehr erfahren<\/span>\n  <\/a>\n\n<p data-rm-block-id=\"block-53\">\n\t\t\t<\/div>\n\t\t<\/div>\n\t<\/div>\n\t\n\t\t<\/div>\n\t\t\t\t\t<\/div>\n\n\t\n<\/div>\n<div class=\"row\"  id=\"row-2095550912\">\n\n\t<div id=\"col-1293112294\" class=\"col small-12 large-12\"  >\n\t\t\t\t<div class=\"col-inner text-center\"  >\n\t\t\t\n\t\t\t\n<h2 style=\"text-align: center;\" data-rm-block-id=\"block-57\">Vous souhaitez obtenir un devis concernant l&#8217;un des services<br \/>\nde notre soci\u00e9t\u00e9 de nettoyage ?<\/h2>\n<p style=\"text-align: left;\" data-rm-block-id=\"block-58\">N&#8217;h\u00e9sitez pas \u00e0 demander un devis gratuit et sans engagement si vous souhaitez avoir plus d&#8217;informations sur les prix concernant les diff\u00e9rents services que propose notre <strong>soci\u00e9t\u00e9 de nettoyage<\/strong>, Vous recevrez une r\u00e9ponse dans les 24 heures de notre part.<\/p>\n<p data-rm-block-id=\"block-59\">\n<a href=\"https:\/\/serviclean.be\/devis-nettoyage\/\" target=\"_self\" class=\"button primary is-primary is-large\"  >\n  <i class=\"icon-checkmark\" ><\/i>  <span>Kostenloses Angebot<\/span>\n  <\/a>\n\n<p data-rm-block-id=\"block-60\">\n\t\t<\/div>\n\t\t\t\t\n<style>\n#col-1293112294 > .col-inner {\n  padding: 20px 20px 0px 20px;\n  border-radius: 10px;\n}\n<\/style>\n\t<\/div>\n\n\t\n<p data-rm-block-id=\"block-61\">\n\n<style>\n#row-2095550912 > .col > .col-inner {\n  background-color: rgb(245, 245, 245);\n}\n<\/style>\n<\/div>\n<div class=\"row\"  id=\"row-375604697\">\n<p data-rm-block-id=\"block-62\">\n\n\t<div id=\"col-631324747\" class=\"col medium-4 small-12 large-4\"  >\n\t\t\t\t<div class=\"col-inner\"  >\n\t\t\t\n\t\t\t\n<p data-rm-block-id=\"block-63\">\n\t<div class=\"box has-hover   has-hover box-push box-text-bottom\" >\n\n\t\t<div class=\"box-image\" >\n\t\t\t\t\t\t<div class=\"\" >\n\t\t\t\t<img decoding=\"async\" width=\"1000\" height=\"668\" src=\"https:\/\/serviclean.be\/wp-content\/uploads\/2023\/03\/societe-de-nettoyage-bruxelles.jpg\" class=\"attachment- size-\" alt=\"Reinigungsunternehmen Br\u00fcssel\" srcset=\"https:\/\/serviclean.be\/wp-content\/uploads\/2023\/03\/societe-de-nettoyage-bruxelles.jpg 1000w, https:\/\/serviclean.be\/wp-content\/uploads\/2023\/03\/societe-de-nettoyage-bruxelles-300x200.jpg 300w, https:\/\/serviclean.be\/wp-content\/uploads\/2023\/03\/societe-de-nettoyage-bruxelles-768x513.jpg 768w, https:\/\/serviclean.be\/wp-content\/uploads\/2023\/03\/societe-de-nettoyage-bruxelles-600x401.jpg 600w\" sizes=\"(max-width: 1000px) 100vw, 1000px\" \/>\t\t\t\t\t\t\t\t\t\t\t<\/div>\n\t\t\t\t\t<\/div>\n\n\t\t<div class=\"box-text text-left is-large\" style=\"padding:10px 10px 10px 10px;\">\n\t\t\t<div class=\"box-text-inner\">\n\t\t\t\t\n<h2 style=\"text-align: center;\" data-rm-block-id=\"block-64\"><span class=\"fancy-underline\" style=\"font-size: 80%;\">Die Vorteile der Beauftragung eines Reinigungsunternehmens<\/span><\/h2>\n<p data-rm-block-id=\"block-65\">Ein Reinigungsunternehmen mit der Reinigung Ihres Unternehmens zu beauftragen, kann viele Vorteile haben. Zun\u00e4chst k\u00f6nnen Sie sich auf Ihr Kerngesch\u00e4ft konzentrieren, ohne sich um die Sauberkeit Ihres Unternehmens k\u00fcmmern zu m\u00fcssen. Au\u00dferdem verwenden professionelle Reinigungsunternehmen spezielle Reinigungsmittel und verf\u00fcgen \u00fcber fundierte Kenntnisse effektiver Reinigungstechniken. So ist gew\u00e4hrleistet, dass Ihr Unternehmen stets sauber und hygienisch ist \u2013 was f\u00fcr die Gesundheit Ihrer Mitarbeitenden und die Zufriedenheit Ihrer Kunden entscheidend sein kann.   <\/p>\n<p data-rm-block-id=\"block-66\">\n\t\t\t<\/div>\n\t\t<\/div>\n\t<\/div>\n\t\n<\/p>\n<p data-rm-block-id=\"block-67\">\n\t\t<\/div>\n\t\t\t\t\t<\/div>\n\n\t\n\n\t<div id=\"col-498931128\" class=\"col medium-4 small-12 large-4\"  >\n\t\t\t\t<div class=\"col-inner\"  >\n\t\t\t\n\t\t\t\n<p data-rm-block-id=\"block-68\">\n\t<div class=\"box has-hover   has-hover box-push box-text-bottom\" >\n\n\t\t<div class=\"box-image\" >\n\t\t\t\t\t\t<div class=\"\" >\n\t\t\t\t<img decoding=\"async\" width=\"1000\" height=\"668\" src=\"https:\/\/serviclean.be\/wp-content\/uploads\/2023\/03\/Agence-nettoyage.jpg\" class=\"attachment- size-\" alt=\"Reinigungsagentur\" srcset=\"https:\/\/serviclean.be\/wp-content\/uploads\/2023\/03\/Agence-nettoyage.jpg 1000w, https:\/\/serviclean.be\/wp-content\/uploads\/2023\/03\/Agence-nettoyage-300x200.jpg 300w, https:\/\/serviclean.be\/wp-content\/uploads\/2023\/03\/Agence-nettoyage-768x513.jpg 768w, https:\/\/serviclean.be\/wp-content\/uploads\/2023\/03\/Agence-nettoyage-600x401.jpg 600w\" sizes=\"(max-width: 1000px) 100vw, 1000px\" \/>\t\t\t\t\t\t\t\t\t\t\t<\/div>\n\t\t\t\t\t<\/div>\n\n\t\t<div class=\"box-text text-left is-large\" style=\"padding:10px 10px 10px 10px;\">\n\t\t\t<div class=\"box-text-inner\">\n\t\t\t\t\n<h2 style=\"text-align: center;\" data-rm-block-id=\"block-69\"><span class=\"fancy-underline\" style=\"font-size: 80%;\">So w\u00e4hlen Sie das richtige Reinigungsunternehmen<\/span><\/h2>\n<p data-rm-block-id=\"block-70\">Es ist wichtig, das richtige Reinigungsunternehmen zu w\u00e4hlen, um den Bed\u00fcrfnissen Ihres Unternehmens gerecht zu werden. Bevor Sie sich f\u00fcr ein Unternehmen entscheiden, sollten Sie sicherstellen, dass es zugelassen und versichert ist, Erfahrung in der Reinigung von Unternehmen hat, die Ihrem \u00e4hnlich sind, und \u00fcberpr\u00fcfbare Referenzen vorweisen kann. Dar\u00fcber hinaus sollten Sie sicherstellen, dass das Unternehmen die von Ihnen ben\u00f6tigten Reinigungsleistungen erbringen kann \u2013 einschlie\u00dflich der Reinigungsh\u00e4ufigkeit und der verwendeten Reinigungsprodukte.  <\/p>\n<p data-rm-block-id=\"block-71\">\n\t\t\t<\/div>\n\t\t<\/div>\n\t<\/div>\n\t\n<\/p>\n<p data-rm-block-id=\"block-72\">\n\t\t<\/div>\n\t\t\t\t\t<\/div>\n\n\t\n\n\t<div id=\"col-442694479\" class=\"col medium-4 small-12 large-4\"  >\n\t\t\t\t<div class=\"col-inner\"  >\n\t\t\t\n\t\t\t\n<p data-rm-block-id=\"block-73\">\n\t<div class=\"box has-hover   has-hover box-push box-text-bottom\" >\n\n\t\t<div class=\"box-image\" >\n\t\t\t\t\t\t<div class=\"\" >\n\t\t\t\t<img decoding=\"async\" width=\"1000\" height=\"668\" src=\"https:\/\/serviclean.be\/wp-content\/uploads\/2023\/03\/nettoyage-tapis-2.jpg\" class=\"attachment- size-\" alt=\"teppichreinigung 2\" srcset=\"https:\/\/serviclean.be\/wp-content\/uploads\/2023\/03\/nettoyage-tapis-2.jpg 1000w, https:\/\/serviclean.be\/wp-content\/uploads\/2023\/03\/nettoyage-tapis-2-300x200.jpg 300w, https:\/\/serviclean.be\/wp-content\/uploads\/2023\/03\/nettoyage-tapis-2-768x513.jpg 768w, https:\/\/serviclean.be\/wp-content\/uploads\/2023\/03\/nettoyage-tapis-2-600x401.jpg 600w\" sizes=\"(max-width: 1000px) 100vw, 1000px\" \/>\t\t\t\t\t\t\t\t\t\t\t<\/div>\n\t\t\t\t\t<\/div>\n\n\t\t<div class=\"box-text text-left is-large\" style=\"padding:10px 10px 10px 10px;\">\n\t\t\t<div class=\"box-text-inner\">\n\t\t\t\t\n<h2 style=\"text-align: center;\" data-rm-block-id=\"block-74\"><span class=\"fancy-underline\" style=\"font-size: 80%;\">Die verschiedenen angebotenen Reinigungsdienstleistungen<\/span><\/h2>\n<p data-rm-block-id=\"block-75\">Unser Reinigungsunternehmen kann eine Vielzahl unterschiedlicher Dienstleistungen anbieten \u2013 von der regelm\u00e4\u00dfigen Reinigung Ihrer Gesch\u00e4ftsr\u00e4ume bis hin zu spezialisierteren Aufgaben wie der Reinigung von B\u00f6den, Fenstern und Teppichen. Wir k\u00f6nnen auch zus\u00e4tzliche Leistungen anbieten, wie die Reinigung nach Renovierungsarbeiten oder die Reinigung nach besonderen Veranstaltungen&#8230; <\/p>\n<p data-rm-block-id=\"block-76\">\n\t\t\t<\/div>\n\t\t<\/div>\n\t<\/div>\n\t\n<\/p>\n<p data-rm-block-id=\"block-77\">\n\t\t<\/div>\n\t\t\t\t\t<\/div>\n\n\t\n<\/div>\n<div class=\"row\"  id=\"row-1409013899\">\n\n\t<div id=\"col-1540663825\" class=\"col small-12 large-12\"  >\n\t\t\t\t<div class=\"col-inner\"  >\n\t\t\t\n\t\t\t\n<h2 style=\"text-align: center;\" data-rm-block-id=\"block-80\">Profitieren Sie von unseren Reinigungsdiensten in<br \/>den 19 Gemeinden von Br\u00fcssel<\/h2>\n<p data-rm-block-id=\"block-81\">F\u00fcr all Ihre Reinigungsbed\u00fcrfnisse k\u00f6nnen Sie sich auf unser professionelles Team verlassen, das Ihnen den einwandfreien und pers\u00f6nlichen Service bietet, den Sie verdienen. Unsere Teams setzen alles daran, Ihre Erwartungen zu erf\u00fcllen. Wir bieten eine Vielzahl unterschiedlicher Dienstleistungen an in:  <\/p>\n<p data-rm-block-id=\"block-82\">\n\t\t<\/div>\n\t\t\t\t\t<\/div>\n\n\t\n<\/div>\n<div class=\"row row-collapse row-dashed\"  id=\"row-72609197\">\n\n\t<div id=\"col-1295839077\" class=\"col medium-4 small-12 large-4\"  >\n\t\t\t\t<div class=\"col-inner\"  >\n\t\t\t\n\t\t\t\n<ul>\n<li class=\"bullet-checkmark\" data-rm-block-id=\"block-85\">Anderlecht<\/li>\n<li class=\"bullet-checkmark\" data-rm-block-id=\"block-86\">Auderghem<\/li>\n<li class=\"bullet-checkmark\" data-rm-block-id=\"block-87\">Berchem-Sainte-Agathe<\/li>\n<li class=\"bullet-checkmark\" data-rm-block-id=\"block-88\">Br\u00fcssel-Stadt<\/li>\n<li class=\"bullet-checkmark\" data-rm-block-id=\"block-89\">Etterbeek<\/li>\n<li class=\"bullet-checkmark\" data-rm-block-id=\"block-90\">Evere<\/li>\n<li class=\"bullet-checkmark\" data-rm-block-id=\"block-91\">Forest<\/li>\n<\/ul>\n<p data-rm-block-id=\"block-92\">\n\t\t<\/div>\n\t\t\t\t\t<\/div>\n\n\t\n\n\t<div id=\"col-229747650\" class=\"col medium-4 small-12 large-4\"  >\n\t\t\t\t<div class=\"col-inner\"  >\n\t\t\t\n\t\t\t\n<ul>\n<li class=\"bullet-checkmark\" data-rm-block-id=\"block-93\">Koekelberg<\/li>\n<li class=\"bullet-checkmark\" data-rm-block-id=\"block-94\">Molenbeek-Saint-Jean<\/li>\n<li class=\"bullet-checkmark\" data-rm-block-id=\"block-95\">Saint-Gilles<\/li>\n<li class=\"bullet-checkmark\" data-rm-block-id=\"block-96\">Saint-Josse-ten-Noode<\/li>\n<li class=\"bullet-checkmark\" data-rm-block-id=\"block-97\">Schaerbeek<\/li>\n<li class=\"bullet-checkmark\" data-rm-block-id=\"block-98\">Uccle<\/li>\n<\/ul>\n<p data-rm-block-id=\"block-99\">\n\t\t<\/div>\n\t\t\t\t\t<\/div>\n\n\t\n\n\t<div id=\"col-91613760\" class=\"col medium-4 small-12 large-4\"  >\n\t\t\t\t<div class=\"col-inner\"  >\n\t\t\t\n\t\t\t\n<ul>\n<li class=\"bullet-checkmark\" data-rm-block-id=\"block-100\">Ganshoren<\/li>\n<li class=\"bullet-checkmark\" data-rm-block-id=\"block-101\">Ixelles<\/li>\n<li class=\"bullet-checkmark\" data-rm-block-id=\"block-102\">Jette<\/li>\n<li class=\"bullet-checkmark\" data-rm-block-id=\"block-103\">Watermael-Boitsfort<\/li>\n<li class=\"bullet-checkmark\" data-rm-block-id=\"block-104\">Woluwe-Saint-Lambert<\/li>\n<li class=\"bullet-checkmark\" data-rm-block-id=\"block-105\">Woluwe-Saint-Pierre<\/li>\n<\/ul>\n<p data-rm-block-id=\"block-106\">\n\t\t<\/div>\n\t\t\t\t\t<\/div>\n\n\t\n<\/p>\n<p data-rm-block-id=\"block-107\">\n<\/div>\n","protected":false},"excerpt":{"rendered":"","protected":false},"author":1,"featured_media":0,"parent":0,"menu_order":0,"comment_status":"closed","ping_status":"closed","template":"page-blank.php","meta":{"footnotes":""},"class_list":["post-27056","page","type-page","status-publish","hentry"],"acf":[],"_links":{"self":[{"href":"https:\/\/serviclean.be\/de\/wp-json\/wp\/v2\/pages\/27056","targetHints":{"allow":["GET"]}}],"collection":[{"href":"https:\/\/serviclean.be\/de\/wp-json\/wp\/v2\/pages"}],"about":[{"href":"https:\/\/serviclean.be\/de\/wp-json\/wp\/v2\/types\/page"}],"author":[{"embeddable":true,"href":"https:\/\/serviclean.be\/de\/wp-json\/wp\/v2\/users\/1"}],"replies":[{"embeddable":true,"href":"https:\/\/serviclean.be\/de\/wp-json\/wp\/v2\/comments?post=27056"}],"version-history":[{"count":2,"href":"https:\/\/serviclean.be\/de\/wp-json\/wp\/v2\/pages\/27056\/revisions"}],"predecessor-version":[{"id":27105,"href":"https:\/\/serviclean.be\/de\/wp-json\/wp\/v2\/pages\/27056\/revisions\/27105"}],"wp:attachment":[{"href":"https:\/\/serviclean.be\/de\/wp-json\/wp\/v2\/media?parent=27056"}],"curies":[{"name":"wp","href":"https:\/\/api.w.org\/{rel}","templated":true}]}}