{"id":27050,"date":"2022-08-14T20:58:22","date_gmt":"2022-08-14T18:58:22","guid":{"rendered":"https:\/\/serviclean.be\/ueber-uns\/"},"modified":"2026-05-03T21:20:18","modified_gmt":"2026-05-03T19:20:18","slug":"ueber-uns","status":"publish","type":"page","link":"https:\/\/serviclean.be\/de\/ueber-uns\/","title":{"rendered":"\u00dcber uns"},"content":{"rendered":"<div class=\"row\"  id=\"row-517370870\">\n\n\t<div id=\"col-985720433\" class=\"col medium-9 small-12 large-9\"  >\n\t\t\t\t<div class=\"col-inner\"  >\n\t\t\t\n\t\t\t\n<h1>\u00dcber uns<\/h1>\n<p>Dank unserer \u00fcber 18-j\u00e4hrigen Erfahrung im Reinigungsbereich und einem jungen, dynamischen Team bieten wir eine breite Palette an Reinigungsprodukten und <a href=\"https:\/\/serviclean.be\/societe-de-nettoyage\/\">Dienstleistungen<\/a> in ganz Belgien an.<\/p>\n<p>Wir f\u00fchren Reinigungsprodukte, die f\u00fcr alle Oberfl\u00e4chen und Reinigungstechniken geeignet sind, und alle unsere Produkte erf\u00fcllen die geltenden Normen sowie Anforderungen an den Umweltschutz.<\/p>\n<h2>Ben\u00f6tigen Sie Hilfe bei der Auswahl Ihrer Reinigungsprodukte und -ger\u00e4te?<\/h2>\n<p>Sie m\u00f6chten hochwertige professionelle Reinigungsprodukte kaufen und w\u00fcnschen eine Beratung, um die richtige Wahl zu treffen? Kontaktieren Sie jetzt den <a href=\"https:\/\/serviclean.be\/de\/kontakt\/\">Kundenservice<\/a> von Servi-Clean. Ob Gewerbe oder Industrie \u2013 wir sind f\u00fcr Sie da, um Ihnen bei der Auswahl der besten Reinigungsausr\u00fcstung f\u00fcr Ihr Unternehmen zu helfen. <a href=\"https:\/\/serviclean.be\/de\/magasin\/material-zubehor\/reinigungswagen-staubsauger\/\">Reinigungswagen<\/a>, Glasreinigungsmaterial, <a href=\"https:\/\/serviclean.be\/de\/magasin\/hygiene-reinigung\/handtuchspender\/\">Handtuchspender<\/a>\u2026 wir beraten Sie gerne bei der Auswahl des Modells, das am besten zu Ihrem Unternehmen passt, um Ihre Zufriedenheit zu garantieren.  <\/p>\n<\/p>\n<a href=\"https:\/\/serviclean.be\/de\/kontakt\/\" target=\"_self\" class=\"button secondary\"  style=\"border-radius:10px;\">\n    <span>Kontaktieren Sie uns<\/span>\n  <\/a>\n\n\t\t<\/div>\n\t\t\t\t\t<\/div>\n\n\t\n<\/div>\n<div class=\"container section-title-container\" ><h3 class=\"section-title section-title-center\"><b><\/b><span class=\"section-title-main\" >Unser Produktsortiment<\/span><b><\/b><\/h3><\/div>\n\n  \n    <div class=\"row large-columns-4 medium-columns-3 small-columns-2 row-small slider row-slider slider-nav-reveal slider-nav-push\"  data-flickity-options='{\"imagesLoaded\": true, \"groupCells\": \"100%\", \"dragThreshold\" : 5, \"cellAlign\": \"left\",\"wrapAround\": true,\"prevNextButtons\": true,\"percentPosition\": true,\"pageDots\": false, \"rightToLeft\": false, \"autoPlay\" : false}'>\n\n  <div class=\"product-category col\" >\n            <div class=\"col-inner\">\n              <a aria-label=\"Produktkategorie Pflegeprodukte besuchen\" href=\"https:\/\/serviclean.be\/de\/magasin\/pflegeprodukte\/\">                <div class=\"box box-category has-hover box-normal \">\n                <div class=\"box-image\" >\n                  <div class=\"\" >\n                  <img decoding=\"async\" src=\"https:\/\/serviclean.be\/wp-content\/uploads\/woocommerce-placeholder-300x300.png\" alt=\"Pflegeprodukte\" width=\"300\" height=\"300\" \/>                                                      <\/div>\n                <\/div>\n                <div class=\"box-text text-center\" >\n                  <div class=\"box-text-inner\">\n                      <h5 class=\"uppercase header-title\">\n                              Pflegeprodukte                      <\/h5>\n                                            <p class=\"is-xsmall uppercase count \">\n\t                                            <\/p>\n                                            \n                  <\/div>\n                <\/div>\n                <\/div>\n            <\/a>            <\/div>\n            <\/div><div class=\"product-category col\" >\n            <div class=\"col-inner\">\n              <a aria-label=\"Produktkategorie Hygiene &amp; Reinigung besuchen\" href=\"https:\/\/serviclean.be\/de\/magasin\/hygiene-reinigung\/\">                <div class=\"box box-category has-hover box-normal \">\n                <div class=\"box-image\" >\n                  <div class=\"\" >\n                  <img decoding=\"async\" src=\"https:\/\/serviclean.be\/wp-content\/uploads\/woocommerce-placeholder-300x300.png\" alt=\"Hygiene &amp; Reinigung\" width=\"300\" height=\"300\" \/>                                                      <\/div>\n                <\/div>\n                <div class=\"box-text text-center\" >\n                  <div class=\"box-text-inner\">\n                      <h5 class=\"uppercase header-title\">\n                              Hygiene &amp; Reinigung                      <\/h5>\n                                            <p class=\"is-xsmall uppercase count \">\n\t                                            <\/p>\n                                            \n                  <\/div>\n                <\/div>\n                <\/div>\n            <\/a>            <\/div>\n            <\/div><div class=\"product-category col\" >\n            <div class=\"col-inner\">\n              <a aria-label=\"Produktkategorie Material &amp; Zubeh\u00f6r besuchen\" href=\"https:\/\/serviclean.be\/de\/magasin\/material-zubehor\/\">                <div class=\"box box-category has-hover box-normal \">\n                <div class=\"box-image\" >\n                  <div class=\"\" >\n                  <img decoding=\"async\" src=\"https:\/\/serviclean.be\/wp-content\/uploads\/woocommerce-placeholder-300x300.png\" alt=\"Material &amp; Zubeh\u00f6r\" width=\"300\" height=\"300\" \/>                                                      <\/div>\n                <\/div>\n                <div class=\"box-text text-center\" >\n                  <div class=\"box-text-inner\">\n                      <h5 class=\"uppercase header-title\">\n                              Material &amp; Zubeh\u00f6r                      <\/h5>\n                                            <p class=\"is-xsmall uppercase count \">\n\t                                            <\/p>\n                                            \n                  <\/div>\n                <\/div>\n                <\/div>\n            <\/a>            <\/div>\n            <\/div><div class=\"product-category col\" >\n            <div class=\"col-inner\">\n              <a aria-label=\"Produktkategorie K\u00fcchenhygiene besuchen\" href=\"https:\/\/serviclean.be\/de\/magasin\/kuchenhygiene\/\">                <div class=\"box box-category has-hover box-normal \">\n                <div class=\"box-image\" >\n                  <div class=\"\" >\n                  <img decoding=\"async\" src=\"https:\/\/serviclean.be\/wp-content\/uploads\/woocommerce-placeholder-300x300.png\" alt=\"K\u00fcchenhygiene\" width=\"300\" height=\"300\" \/>                                                      <\/div>\n                <\/div>\n                <div class=\"box-text text-center\" >\n                  <div class=\"box-text-inner\">\n                      <h5 class=\"uppercase header-title\">\n                              K\u00fcchenhygiene                      <\/h5>\n                                            <p class=\"is-xsmall uppercase count \">\n\t                                            <\/p>\n                                            \n                  <\/div>\n                <\/div>\n                <\/div>\n            <\/a>            <\/div>\n            <\/div><div class=\"product-category col\" >\n            <div class=\"col-inner\">\n              <a aria-label=\"Produktkategorie Angebote besuchen\" href=\"https:\/\/serviclean.be\/de\/magasin\/angebote\/\">                <div class=\"box box-category has-hover box-normal \">\n                <div class=\"box-image\" >\n                  <div class=\"\" >\n                  <img decoding=\"async\" src=\"https:\/\/serviclean.be\/wp-content\/uploads\/woocommerce-placeholder-300x300.png\" alt=\"Angebote\" width=\"300\" height=\"300\" \/>                                                      <\/div>\n                <\/div>\n                <div class=\"box-text text-center\" >\n                  <div class=\"box-text-inner\">\n                      <h5 class=\"uppercase header-title\">\n                              Angebote                      <\/h5>\n                                            <p class=\"is-xsmall uppercase count \">\n\t                                            <\/p>\n                                            \n                  <\/div>\n                <\/div>\n                <\/div>\n            <\/a>            <\/div>\n            <\/div><div class=\"product-category col\" >\n            <div class=\"col-inner\">\n              <a aria-label=\"Produktkategorie Hand- und Fl\u00e4chendesinfektion besuchen\" href=\"https:\/\/serviclean.be\/de\/magasin\/hand-und-flachendesinfektion\/\">                <div class=\"box box-category has-hover box-normal \">\n                <div class=\"box-image\" >\n                  <div class=\"\" >\n                  <img decoding=\"async\" src=\"https:\/\/serviclean.be\/wp-content\/uploads\/woocommerce-placeholder-300x300.png\" alt=\"Hand- und Fl\u00e4chendesinfektion\" width=\"300\" height=\"300\" \/>                                                      <\/div>\n                <\/div>\n                <div class=\"box-text text-center\" >\n                  <div class=\"box-text-inner\">\n                      <h5 class=\"uppercase header-title\">\n                              Hand- und Fl\u00e4chendesinfektion                      <\/h5>\n                                            <p class=\"is-xsmall uppercase count \">\n\t                                            <\/p>\n                                            \n                  <\/div>\n                <\/div>\n                <\/div>\n            <\/a>            <\/div>\n            <\/div><div class=\"product-category col\" >\n            <div class=\"col-inner\">\n              <a aria-label=\"Produktkategorie Ecolabel besuchen\" href=\"https:\/\/serviclean.be\/de\/magasin\/ecolabel\/\">                <div class=\"box box-category has-hover box-normal \">\n                <div class=\"box-image\" >\n                  <div class=\"\" >\n                  <img decoding=\"async\" src=\"https:\/\/serviclean.be\/wp-content\/uploads\/woocommerce-placeholder-300x300.png\" alt=\"Ecolabel\" width=\"300\" height=\"300\" \/>                                                      <\/div>\n                <\/div>\n                <div class=\"box-text text-center\" >\n                  <div class=\"box-text-inner\">\n                      <h5 class=\"uppercase header-title\">\n                              Ecolabel                      <\/h5>\n                                            <p class=\"is-xsmall uppercase count \">\n\t                                            <\/p>\n                                            \n                  <\/div>\n                <\/div>\n                <\/div>\n            <\/a>            <\/div>\n            <\/div><div class=\"product-category col\" >\n            <div class=\"col-inner\">\n              <a aria-label=\"Produktkategorie Catering besuchen\" href=\"https:\/\/serviclean.be\/de\/magasin\/catering\/\">                <div class=\"box box-category has-hover box-normal \">\n                <div class=\"box-image\" >\n                  <div class=\"\" >\n                  <img decoding=\"async\" src=\"https:\/\/serviclean.be\/wp-content\/uploads\/woocommerce-placeholder-300x300.png\" alt=\"Catering\" width=\"300\" height=\"300\" \/>                                                      <\/div>\n                <\/div>\n                <div class=\"box-text text-center\" >\n                  <div class=\"box-text-inner\">\n                      <h5 class=\"uppercase header-title\">\n                              Catering                      <\/h5>\n                                            <p class=\"is-xsmall uppercase count \">\n\t                                            <\/p>\n                                            \n                  <\/div>\n                <\/div>\n                <\/div>\n            <\/a>            <\/div>\n            <\/div><\/div>\n","protected":false},"excerpt":{"rendered":"","protected":false},"author":1,"featured_media":0,"parent":0,"menu_order":0,"comment_status":"closed","ping_status":"closed","template":"","meta":{"footnotes":""},"class_list":["post-27050","page","type-page","status-publish","hentry"],"acf":[],"_links":{"self":[{"href":"https:\/\/serviclean.be\/de\/wp-json\/wp\/v2\/pages\/27050","targetHints":{"allow":["GET"]}}],"collection":[{"href":"https:\/\/serviclean.be\/de\/wp-json\/wp\/v2\/pages"}],"about":[{"href":"https:\/\/serviclean.be\/de\/wp-json\/wp\/v2\/types\/page"}],"author":[{"embeddable":true,"href":"https:\/\/serviclean.be\/de\/wp-json\/wp\/v2\/users\/1"}],"replies":[{"embeddable":true,"href":"https:\/\/serviclean.be\/de\/wp-json\/wp\/v2\/comments?post=27050"}],"version-history":[{"count":4,"href":"https:\/\/serviclean.be\/de\/wp-json\/wp\/v2\/pages\/27050\/revisions"}],"predecessor-version":[{"id":27076,"href":"https:\/\/serviclean.be\/de\/wp-json\/wp\/v2\/pages\/27050\/revisions\/27076"}],"wp:attachment":[{"href":"https:\/\/serviclean.be\/de\/wp-json\/wp\/v2\/media?parent=27050"}],"curies":[{"name":"wp","href":"https:\/\/api.w.org\/{rel}","templated":true}]}}